{"id":33013,"date":"2019-04-04T12:35:27","date_gmt":"2019-04-04T10:35:27","guid":{"rendered":"https:\/\/www.loteriamontserrat.com\/politica-de-privacitat-i-cookies\/"},"modified":"2025-10-30T21:13:46","modified_gmt":"2025-10-30T20:13:46","slug":"politica-de-privadesa-i-cookies","status":"publish","type":"page","link":"https:\/\/www.loteriamontserrat.com\/ca\/politica-de-privadesa-i-cookies\/","title":{"rendered":"Pol\u00edtica de privadesa i Cookies"},"content":{"rendered":"\n<p class=\"h4\">1. DADES IDENTIFICATIVES<\/p>\n\n<p>En compliment amb el deber d&#8217;informaci\u00f3 reconeguda a l&#8217;article 10 de la Llei 34\/2002, d&#8217;11 de juliol, de Serveis de la Societat de la Informaci\u00f3 i del Comer\u00e7 Electr\u00f2nic, a continuaci\u00f3 es reflecteixen les seg\u00fcents dades: l&#8217;empresa titular del domini web \u00e9s Loter\u00eda Montserrat S.L. a partir de ara EMPRESA.<\/p>\n\n<p class=\"h4 mt-4 pt-2 mb-3\">2. USUARIS<\/p>\n\n<p>L&#8217;acc\u00e9s i\/o \u00fas d&#8217;aquest portal d&#8217;EMPRESA atribueix la condici\u00f3 d&#8217;USUARI, que accepta, des d&#8217;aquest acc\u00e9s i\/o \u00fas, les Condicions Generals d&#8217;\u00fas reflectides aqu\u00ed. Les condicions esmentades s\u00f3n aplicables independentment de les condicions generals de contractaci\u00f3 que, si s&#8217;escau, resultin de compliment obligat. <\/p>\n\n<p class=\"h4 mt-4 pt-2 mb-3\">3. \u00daS DEL PORTAL<\/p>\n\n<p>www.loteriamontserrat.com proporciona l&#8217;acc\u00e9s a multitud d&#8217;informacions, serveis, programes o dades (d&#8217;ara endavant, els continguts) a Internet pertanyents a EMPRESA o als seus llicenciants als quals l&#8217;USUARI pugui tenir acc\u00e9s. L\u00b4USUARI assumeix la responsabilitat de l\u00b4\u00fas del portal. Aquesta responsabilitat s&#8217;est\u00e9n al registre necessari per accedir a determinats serveis o continguts. En aquest registre, l&#8217;USUARI ser\u00e0 responsable d&#8217;aportar informaci\u00f3 vera\u00e7 i l\u00edcita. Com a conseq\u00fc\u00e8ncia d&#8217;aquest registre, a l&#8217;USUARI se li pot proporcionar una contrasenya de la qual ser\u00e0 responsable, comprometent-se a fer-ne un \u00fas diligent i confidencial. L&#8217;USUARI es compromet a fer un \u00fas adequat dels continguts i serveis (com ara serveis de xat, f\u00f2rums de discussi\u00f3 o grups de not\u00edcies) que EMPRESA ofereix a trav\u00e9s del seu portal i amb car\u00e0cter enunciatiu per\u00f2 no limitatiu, a no fer-los servir per (i) inc\u00f3rrer en activitats il\u00b7l\u00edcites, il\u00b7legals o contr\u00e0ries a la bona fe ia l&#8217;ordre p\u00fablic; (ii) difondre continguts o propaganda de car\u00e0cter racista, xen\u00f2fob, pornogr\u00e0fic-il\u00b7legal, d&#8217;apologia del terrorisme o atemptatori contra els drets humans; (iii) provocar danys als sistemes f\u00edsics i l\u00f2gics d&#8217;EMPRESA, dels seus prove\u00efdors o de terceres persones, introduir o difondre a la xarxa virus inform\u00e0tics o qualssevol altres sistemes f\u00edsics o l\u00f2gics que siguin susceptibles de provocar els danys anteriorment esmentats; (iv) intentar accedir i, si escau, utilitzar els comptes de correu electr\u00f2nic d&#8217;altres usuaris i modificar-ne o manipular-ne els missatges. EMPRESA es reserva el dret de retirar tots aquells comentaris i aportacions que vulnerin el respecte a la dignitat de la persona, que siguin discriminatoris, xen\u00f2fobs, racistes, pornogr\u00e0fics, que atemptin contra la joventut o la inf\u00e0ncia, l&#8217;ordre o la seguretat p\u00fablica o que, a parer seu, no resultessin adequats per a la seva publicaci\u00f3. En qualsevol cas, EMPRESA no ser\u00e0 responsable de les opinions abocades pels usuaris a trav\u00e9s dels f\u00f2rums, xats o altres eines de participaci\u00f3.           <\/p>\n\n<p class=\"h4 mt-4 pt-2 mb-3\">4. PROTECCI\u00d3 DE DADES<\/p>\n\n<p>EMPRESA compleix amb les directrius del Reglament (UE) 2016\/679 de 27 d&#8217;abril de 2016 (RGPD) relatiu a la protecci\u00f3 de les persones f\u00edsiques ia la Llei Org\u00e0nica 3\/2018, de 5 de desembre (LOPDGDD) pel qual s&#8217;aprova el Reglament de desenvolupament de la Llei Org\u00e0nica i la resta de normativa vigent usuari. Per a aix\u00f2, juntament amb cada formulari de recaptaci\u00f3 de dades de car\u00e0cter personal, en els serveis que l&#8217;usuari pugui sol\u00b7licitar a EMPRESA, far\u00e0 saber a l&#8217;usuari de l&#8217;exist\u00e8ncia i acceptaci\u00f3 de les condicions particulars del tractament de les seves dades en cada cas, informant-li de la responsabilitat del fitxer creat, la direcci\u00f3 del responsable, la possibilitat d&#8217;exercir els seus drets d&#8217;acc\u00e9s, rectificaci\u00f3, cancel\u00b7laci\u00f3 o oposici\u00f3, la finalitat. Aix\u00ed mateix, EMPRESA informa que d\u00f3na compliment a la Llei 34\/2002 d&#8217;11 de juliol, de Serveis de la Societat de la Informaci\u00f3 i el Comer\u00e7 Electr\u00f2nic i us sol\u00b7licitar\u00e0 el vostre consentiment al tractament del vostre correu electr\u00f2nic amb fins comercials en cada moment.  <\/p>\n\n<p class=\"h4 mt-4 pt-2 mb-3\">5. PROPIETAT INTEL\u00b7LECTUAL I INDUSTRIAL<\/p>\n\n<p>EMPRESA per si o com a cession\u00e0ria, \u00e9s titular de tots els drets de propietat intel\u00b7lectual i industrial de la seva p\u00e0gina web, aix\u00ed com dels elements continguts a la mateixa (a t\u00edtol enunciatiu, imatges, so, \u00e0udio, v\u00eddeo, programari o textos; marques o logotips, combinacions de colors, estructura i disseny, selecci\u00f3 de materials usats, programes d&#8217;ordinador necessaris per al seu funcionament, acc\u00e9s i \u00fas). Tots els drets reservats. En virtut del que disposen els articles 8 i 32.1, par\u00e0graf segon, de la Llei de propietat intel\u00b7lectual, queden expressament prohibides la reproducci\u00f3, la distribuci\u00f3 i la comunicaci\u00f3 p\u00fablica, inclosa la seva modalitat de posada a disposici\u00f3, de la totalitat o part dels continguts d&#8217;aquesta p\u00e0gina web, amb fins comercials, en qualsevol suport i per qualsevol mitj\u00e0 t\u00e8cnic, sense l&#8217;autoritzaci\u00f3 d&#8217;EMPRES. L&#8217;USUARI es compromet a respectar els drets de propietat intel\u00b7lectual i industrial titularitat d&#8217;EMPRESA. Podreu visualitzar els elements del portal i fins i tot imprimir-los, copiar-los i emmagatzemar-los al disc dur del vostre ordinador o en qualsevol altre suport f\u00edsic sempre que sigui, \u00fanica i exclusivament, per al seu \u00fas personal i privat. L&#8217;USUARI haur\u00e0 d&#8217;abstenir-se de suprimir, alterar, eludir o manipular qualsevol dispositiu de protecci\u00f3 o sistema de seguretat que estigu\u00e9s instal\u00b7lat a les p\u00e0gines d&#8217;EMPRESA.     <\/p>\n\n<p class=\"h4 mt-4 pt-2 mb-3\">6. EXCLUSI\u00d3 DE GARANTIES I RESPONSABILITAT<\/p>\n\n<p>EMPRESA no es fa responsable, en cap cas, dels danys i perjudicis de qualsevol naturalesa que poguessin ocasionar, a t\u00edtol enunciatiu: errors o omissions en els continguts, manca de disponibilitat del portal o la transmissi\u00f3 de virus o programes maliciosos o lesius en els continguts, malgrat haver adoptat totes les mesures tecnol\u00f2giques necess\u00e0ries per evitar-ho.<\/p>\n\n<p class=\"h4 mt-4 pt-2 mb-3\">7. MODIFICACIONS<\/p>\n\n<p>EMPRESA es reserva el dret d&#8217;efectuar sense previ av\u00eds les modificacions que consideri oportunes al seu portal, podent canviar, suprimir o afegir tant els continguts i serveis que es prestin a trav\u00e9s d&#8217;aquesta com la forma en qu\u00e8 aquests apareguin presentats o localitzats al portal.<\/p>\n\n<p class=\"h4 mt-4 pt-2 mb-3\">8. ENLLA\u00c7OS<\/p>\n\n<p>En cas que a www.loteriamontserrat.com es disposessin enlla\u00e7os o hipervincles cap a altres llocs d&#8217;Internet, EMPRESA no exercir\u00e0 cap tipus de control sobre aquests llocs i continguts. En cap cas EMPRESA assumir\u00e0 cap responsabilitat pels continguts d&#8217;algun enlla\u00e7 pertanyent a un lloc web ali\u00e8, ni garantir\u00e0 la disponibilitat t\u00e8cnica, qualitat, fiabilitat, exactitud, amplitud, veracitat, validesa i constitucionalitat de qualsevol material o informaci\u00f3 continguda en cap d&#8217;aquests hipervincles o altres llocs d&#8217;Internet. Igualment, la inclusi\u00f3 d&#8217;aquestes connexions externes no implicar\u00e0 cap tipus d&#8217;associaci\u00f3, fusi\u00f3 o participaci\u00f3 amb les entitats connectades.  <\/p>\n\n<p class=\"h4 mt-4 pt-2 mb-3\">9. DRET D&#8217;EXCLUSI\u00d3<\/p>\n\n<p>EMPRESA es reserva el dret de denegar o retirar l&#8217;acc\u00e9s a portal i\/o als serveis oferts sense necessitat de preav\u00eds, a inst\u00e0ncia pr\u00f2pia o d&#8217;un tercer, a aquells usuaris que incompleixin aquestes Condicions Generals d&#8217;\u00das.<\/p>\n\n<p class=\"h4 mt-4 pt-2 mb-3\">10. GENERALITATS<\/p>\n\n<p>EMPRESA perseguir\u00e0 l&#8217;incompliment de les presents condicions aix\u00ed com qualsevol utilitzaci\u00f3 indeguda del portal exercint totes les accions civils i penals que li puguin correspondre en dret.<\/p>\n\n<p class=\"h4 mt-4 pt-2 mb-3\">11. MODIFICACI\u00d3 DE LES PRESENTS CONDICIONS I DURADA<\/p>\n\n<p>EMPRESA podr\u00e0 modificar en qualsevol moment les condicions aqu\u00ed determinades, sent degudament publicades com aqu\u00ed apareixen. La vig\u00e8ncia de les condicions esmentades anir\u00e0 en funci\u00f3 de la seva exposici\u00f3 i estaran vigents i degudament publicades fins que siguin modificades per altres. <\/p>\n\n<p class=\"h4 mt-4 pt-2 mb-3\">12. LEGISLACI\u00d3 APLICABLE I JURISDICCI\u00d3<\/p>\n\n<p>La relaci\u00f3 entre EMPRESA i l&#8217;USUARI es regir\u00e0 per la normativa espanyola vigent i qualsevol controv\u00e8rsia se sotmetr\u00e0 als jutjats i tribunals de la ciutat de Manresa.<\/p>\n\n<p class=\"h4 mt-4 pt-2 mb-3\">13. POL\u00cdTICA DE VENTES I DEVOLUCIONS<\/p>\n\n<p>Els productes i serveis oferts tenen la consideraci\u00f3 de productes peribles, a m\u00e9s d&#8217;estar confeccionats d&#8217;acord amb les especificacions de l&#8217;usuari, \u00e9s per aix\u00f2 que atesa la naturalesa dels mateixos no s\u00f3n susceptibles de devoluci\u00f3.<\/p>\n\n<p class=\"h4 mt-4 pt-2 mb-3\">14. CONSIGNACI\u00d3 DE RESGUARDS I DIEM DE LOTERIA<\/p>\n\n<p>En cas d&#8217;obtenci\u00f3 de premi inferior a 2.500 euros, aquest ser\u00e0 autom\u00e0ticament ingressat al compte virtual de l&#8217;Usuari, si aquest en disposa, perqu\u00e8 l&#8217;Usuari pugui sol\u00b7licitar-lo via transfer\u00e8ncia banc\u00e0ria o emprar-lo en futures compres.<\/p>\n\n<p>En cas de no disposar de compte virtual, www.loteriamontserrat.com es posar\u00e0 en contacte amb l&#8217;usuari a trav\u00e9s dels canals que aquest hagi proporcionat (correu electr\u00f2nic, tel\u00e8fon, etc.) per tal de poder acordar la millor manera de fer-li arribar el premi.<\/p>\n\n<p>Si el premi obtingut supera la quantitat de 2500 euros, la legislaci\u00f3 actual obliga que aquest sigui abonat a trav\u00e9s d&#8217;una entitat banc\u00e0ria, per la qual cosa www.loteriamontserrat.com es posar\u00e0 en contacte amb l&#8217;usuari per indicar-li com cal procedir en aquest cas.<\/p>\n\n<p>Addicionalment, www.loteriamontserrat.com podr\u00e0 donar opci\u00f3 a l&#8217;usuari de rebre els seus d\u00e8cims de loteria nacional via algun mitj\u00e0 de transport, abonant pr\u00e8viament l&#8217;usuari l&#8217;import corresponent a aquest servei juntament amb l&#8217;import de la comanda.<\/p>\n\n<p class=\"h4 mt-4 pt-2 mb-3\">15. RESULTATS DELS SORTEJOS I ERRADES<\/p>\n\n<p>Totes les dades que figuren en aquesta Web, ho s\u00f3n a t\u00edtol informatiu, sense qualsevol valor probatori. L&#8217;oficialitat de les dades sobre jocs correspon als documents (llistes de premis) i als terminals de validaci\u00f3 d&#8217;apostes i pagament de premis, que hi ha als Punts de Venda Oficials (Administracions de Loteries i Despatxos Receptors d&#8217;Apostes). <\/p>\n\n<p>www.loteriamontserrat.com declina tota responsabilitat sobre l&#8217;\u00fas que es faci de les dades publicades aqu\u00ed.<\/p>\n\n<p>Totes les informacions i dades ofertes en aquest lloc s\u00f3n revisades abans de la seva publicaci\u00f3; no obstant aix\u00f2, no \u00e9s possible garantir al cent per cent, que estiguin lliures d&#8217;errades, per la qual cosa es recomana als usuaris i visitants, estar atents a les actualitzacions que es realitzen peri\u00f2dicament, i no adoptar cap decisi\u00f3 basada \u00fanicament en les informacions ofertes per aquesta website.<\/p>\n\n<p class=\"h4 mt-4 pt-2 mb-3\">16. COOKIES<\/p>\n\n<p><strong>Cookies de sesi\u00f3:<\/strong> Cookies t\u00e8cniques necess\u00e0ries o convenients per a la prestaci\u00f3 de determinats serveis. Si es desactiven aquestes cookies, no podreu rebre correctament els continguts del lloc web. <\/p>\n\n<p><strong>Cookies de Xarxes Socials: <\/strong>S&#8217;utilitzen perqu\u00e8 els visitants puguin interactuar amb el contingut de diferents plataformes socials i que es generen \u00fanicament per als usuaris de les xarxes socials esmentades. Les condicions d&#8217;utilitzaci\u00f3 d&#8217;aquestes galetes i la informaci\u00f3 recopilada es regula per la pol\u00edtica de privadesa de la plataforma social corresponent. <\/p>\n\n<p><strong>Cookies de Google Analytics: <\/strong>Cookies anal\u00edtiques, per al seguiment i an\u00e0lisi estad\u00edstica del comportament del conjunt dels usuaris. Si es desactiven aquestes galetes, el lloc web podr\u00e0 seguir funcionant, sens perjudici que la informaci\u00f3 captada per aquestes galetes sobre l&#8217;\u00fas del nostre web i sobre el seu contingut permet millorar els nostres serveis. <\/p>\n","protected":false},"excerpt":{"rendered":"<p>Informaci\u00f3 [&#8230;]<\/p>\n<p><a class=\"btn btn-secondary understrap-read-more-link\" href=\"https:\/\/www.loteriamontserrat.com\/ca\/politica-de-privadesa-i-cookies\/\">Read More&#8230;<span class=\"screen-reader-text\"> from Pol\u00edtica de privadesa i Cookies<\/span><\/a><\/p>\n","protected":false},"author":12,"featured_media":0,"parent":0,"menu_order":0,"comment_status":"closed","ping_status":"closed","template":"","meta":{"_acf_changed":false,"footnotes":""},"class_list":["post-33013","page","type-page","status-publish","hentry"],"acf":[],"yoast_head":"<!-- This site is optimized with the Yoast SEO plugin v25.4 - https:\/\/yoast.com\/wordpress\/plugins\/seo\/ -->\n<title>Pol\u00edtica de privadesa i Cookies - Loter\u00eda Monserrat<\/title>\n<meta name=\"robots\" content=\"index, follow, max-snippet:-1, max-image-preview:large, max-video-preview:-1\" \/>\n<link rel=\"canonical\" href=\"https:\/\/www.loteriamontserrat.com\/ca\/politica-de-privadesa-i-cookies\/\" \/>\n<meta property=\"og:locale\" content=\"ca_ES\" \/>\n<meta property=\"og:type\" content=\"article\" \/>\n<meta property=\"og:title\" content=\"Pol\u00edtica de privadesa i Cookies - Loter\u00eda Monserrat\" \/>\n<meta property=\"og:description\" content=\"Informaci\u00f3 [...]Read More... from Pol\u00edtica de privadesa i Cookies\" \/>\n<meta property=\"og:url\" content=\"https:\/\/www.loteriamontserrat.com\/ca\/politica-de-privadesa-i-cookies\/\" \/>\n<meta property=\"og:site_name\" content=\"Loter\u00eda Monserrat\" \/>\n<meta property=\"article:modified_time\" content=\"2025-10-30T20:13:46+00:00\" \/>\n<meta name=\"twitter:card\" content=\"summary_large_image\" \/>\n<meta name=\"twitter:label1\" content=\"Temps estimat de lectura\" \/>\n\t<meta name=\"twitter:data1\" content=\"8 minuts\" \/>\n<script type=\"application\/ld+json\" class=\"yoast-schema-graph\">{\"@context\":\"https:\/\/schema.org\",\"@graph\":[{\"@type\":\"WebPage\",\"@id\":\"https:\/\/www.loteriamontserrat.com\/ca\/politica-de-privadesa-i-cookies\/\",\"url\":\"https:\/\/www.loteriamontserrat.com\/ca\/politica-de-privadesa-i-cookies\/\",\"name\":\"Pol\u00edtica de privadesa i Cookies - Loter\u00eda Monserrat\",\"isPartOf\":{\"@id\":\"https:\/\/www.loteriamontserrat.com\/ca\/#website\"},\"datePublished\":\"2019-04-04T10:35:27+00:00\",\"dateModified\":\"2025-10-30T20:13:46+00:00\",\"breadcrumb\":{\"@id\":\"https:\/\/www.loteriamontserrat.com\/ca\/politica-de-privadesa-i-cookies\/#breadcrumb\"},\"inLanguage\":\"ca\",\"potentialAction\":[{\"@type\":\"ReadAction\",\"target\":[\"https:\/\/www.loteriamontserrat.com\/ca\/politica-de-privadesa-i-cookies\/\"]}]},{\"@type\":\"BreadcrumbList\",\"@id\":\"https:\/\/www.loteriamontserrat.com\/ca\/politica-de-privadesa-i-cookies\/#breadcrumb\",\"itemListElement\":[{\"@type\":\"ListItem\",\"position\":1,\"name\":\"Home\",\"item\":\"https:\/\/www.loteriamontserrat.com\/ca\/home-2\/\"},{\"@type\":\"ListItem\",\"position\":2,\"name\":\"Pol\u00edtica de privadesa i Cookies\"}]},{\"@type\":\"WebSite\",\"@id\":\"https:\/\/www.loteriamontserrat.com\/ca\/#website\",\"url\":\"https:\/\/www.loteriamontserrat.com\/ca\/\",\"name\":\"Loter\u00eda Monserrat\",\"description\":\"Administraci\u00f3n N\u00ba8 Manresa\",\"publisher\":{\"@id\":\"https:\/\/www.loteriamontserrat.com\/ca\/#organization\"},\"potentialAction\":[{\"@type\":\"SearchAction\",\"target\":{\"@type\":\"EntryPoint\",\"urlTemplate\":\"https:\/\/www.loteriamontserrat.com\/ca\/?s={search_term_string}\"},\"query-input\":{\"@type\":\"PropertyValueSpecification\",\"valueRequired\":true,\"valueName\":\"search_term_string\"}}],\"inLanguage\":\"ca\"},{\"@type\":\"Organization\",\"@id\":\"https:\/\/www.loteriamontserrat.com\/ca\/#organization\",\"name\":\"Loter\u00eda Monserrat\",\"url\":\"https:\/\/www.loteriamontserrat.com\/ca\/\",\"logo\":{\"@type\":\"ImageObject\",\"inLanguage\":\"ca\",\"@id\":\"https:\/\/www.loteriamontserrat.com\/ca\/#\/schema\/logo\/image\/\",\"url\":\"https:\/\/www.loteriamontserrat.com\/wp-content\/uploads\/2025\/07\/logo-loteria-monserrat-8-manset.png\",\"contentUrl\":\"https:\/\/www.loteriamontserrat.com\/wp-content\/uploads\/2025\/07\/logo-loteria-monserrat-8-manset.png\",\"width\":513,\"height\":75,\"caption\":\"Loter\u00eda Monserrat\"},\"image\":{\"@id\":\"https:\/\/www.loteriamontserrat.com\/ca\/#\/schema\/logo\/image\/\"}}]}<\/script>\n<!-- \/ Yoast SEO plugin. -->","yoast_head_json":{"title":"Pol\u00edtica de privadesa i Cookies - Loter\u00eda Monserrat","robots":{"index":"index","follow":"follow","max-snippet":"max-snippet:-1","max-image-preview":"max-image-preview:large","max-video-preview":"max-video-preview:-1"},"canonical":"https:\/\/www.loteriamontserrat.com\/ca\/politica-de-privadesa-i-cookies\/","og_locale":"ca_ES","og_type":"article","og_title":"Pol\u00edtica de privadesa i Cookies - Loter\u00eda Monserrat","og_description":"Informaci\u00f3 [...]Read More... from Pol\u00edtica de privadesa i Cookies","og_url":"https:\/\/www.loteriamontserrat.com\/ca\/politica-de-privadesa-i-cookies\/","og_site_name":"Loter\u00eda Monserrat","article_modified_time":"2025-10-30T20:13:46+00:00","twitter_card":"summary_large_image","twitter_misc":{"Temps estimat de lectura":"8 minuts"},"schema":{"@context":"https:\/\/schema.org","@graph":[{"@type":"WebPage","@id":"https:\/\/www.loteriamontserrat.com\/ca\/politica-de-privadesa-i-cookies\/","url":"https:\/\/www.loteriamontserrat.com\/ca\/politica-de-privadesa-i-cookies\/","name":"Pol\u00edtica de privadesa i Cookies - Loter\u00eda Monserrat","isPartOf":{"@id":"https:\/\/www.loteriamontserrat.com\/ca\/#website"},"datePublished":"2019-04-04T10:35:27+00:00","dateModified":"2025-10-30T20:13:46+00:00","breadcrumb":{"@id":"https:\/\/www.loteriamontserrat.com\/ca\/politica-de-privadesa-i-cookies\/#breadcrumb"},"inLanguage":"ca","potentialAction":[{"@type":"ReadAction","target":["https:\/\/www.loteriamontserrat.com\/ca\/politica-de-privadesa-i-cookies\/"]}]},{"@type":"BreadcrumbList","@id":"https:\/\/www.loteriamontserrat.com\/ca\/politica-de-privadesa-i-cookies\/#breadcrumb","itemListElement":[{"@type":"ListItem","position":1,"name":"Home","item":"https:\/\/www.loteriamontserrat.com\/ca\/home-2\/"},{"@type":"ListItem","position":2,"name":"Pol\u00edtica de privadesa i Cookies"}]},{"@type":"WebSite","@id":"https:\/\/www.loteriamontserrat.com\/ca\/#website","url":"https:\/\/www.loteriamontserrat.com\/ca\/","name":"Loter\u00eda Monserrat","description":"Administraci\u00f3n N\u00ba8 Manresa","publisher":{"@id":"https:\/\/www.loteriamontserrat.com\/ca\/#organization"},"potentialAction":[{"@type":"SearchAction","target":{"@type":"EntryPoint","urlTemplate":"https:\/\/www.loteriamontserrat.com\/ca\/?s={search_term_string}"},"query-input":{"@type":"PropertyValueSpecification","valueRequired":true,"valueName":"search_term_string"}}],"inLanguage":"ca"},{"@type":"Organization","@id":"https:\/\/www.loteriamontserrat.com\/ca\/#organization","name":"Loter\u00eda Monserrat","url":"https:\/\/www.loteriamontserrat.com\/ca\/","logo":{"@type":"ImageObject","inLanguage":"ca","@id":"https:\/\/www.loteriamontserrat.com\/ca\/#\/schema\/logo\/image\/","url":"https:\/\/www.loteriamontserrat.com\/wp-content\/uploads\/2025\/07\/logo-loteria-monserrat-8-manset.png","contentUrl":"https:\/\/www.loteriamontserrat.com\/wp-content\/uploads\/2025\/07\/logo-loteria-monserrat-8-manset.png","width":513,"height":75,"caption":"Loter\u00eda Monserrat"},"image":{"@id":"https:\/\/www.loteriamontserrat.com\/ca\/#\/schema\/logo\/image\/"}}]}},"_links":{"self":[{"href":"https:\/\/www.loteriamontserrat.com\/ca\/wp-json\/wp\/v2\/pages\/33013","targetHints":{"allow":["GET"]}}],"collection":[{"href":"https:\/\/www.loteriamontserrat.com\/ca\/wp-json\/wp\/v2\/pages"}],"about":[{"href":"https:\/\/www.loteriamontserrat.com\/ca\/wp-json\/wp\/v2\/types\/page"}],"author":[{"embeddable":true,"href":"https:\/\/www.loteriamontserrat.com\/ca\/wp-json\/wp\/v2\/users\/12"}],"replies":[{"embeddable":true,"href":"https:\/\/www.loteriamontserrat.com\/ca\/wp-json\/wp\/v2\/comments?post=33013"}],"version-history":[{"count":3,"href":"https:\/\/www.loteriamontserrat.com\/ca\/wp-json\/wp\/v2\/pages\/33013\/revisions"}],"predecessor-version":[{"id":33021,"href":"https:\/\/www.loteriamontserrat.com\/ca\/wp-json\/wp\/v2\/pages\/33013\/revisions\/33021"}],"wp:attachment":[{"href":"https:\/\/www.loteriamontserrat.com\/ca\/wp-json\/wp\/v2\/media?parent=33013"}],"curies":[{"name":"wp","href":"https:\/\/api.w.org\/{rel}","templated":true}]}}