{"id":33009,"date":"2025-09-24T09:59:11","date_gmt":"2025-09-24T07:59:11","guid":{"rendered":"https:\/\/www.loteriamontserrat.com\/penya-quinelista\/"},"modified":"2025-11-03T13:01:48","modified_gmt":"2025-11-03T12:01:48","slug":"penya","status":"publish","type":"page","link":"https:\/\/www.loteriamontserrat.com\/ca\/penya\/","title":{"rendered":"Penya Quinelista"},"content":{"rendered":"\n<div class=\"wp-block-columns is-layout-flex wp-container-core-columns-is-layout-9d6595d7 wp-block-columns-is-layout-flex\">\n<div class=\"wp-block-column is-layout-flow wp-block-column-is-layout-flow\" style=\"flex-basis:33.33%\">\n<figure class=\"wp-block-image size-full\"><img loading=\"lazy\" decoding=\"async\" width=\"500\" height=\"500\" src=\"https:\/\/www.loteriamontserrat.com\/wp-content\/uploads\/2025\/09\/laliga.png\" alt=\"\" class=\"wp-image-32873\" srcset=\"https:\/\/www.loteriamontserrat.com\/wp-content\/uploads\/2025\/09\/laliga.png 500w, https:\/\/www.loteriamontserrat.com\/wp-content\/uploads\/2025\/09\/laliga-300x300.png 300w, https:\/\/www.loteriamontserrat.com\/wp-content\/uploads\/2025\/09\/laliga-150x150.png 150w, https:\/\/www.loteriamontserrat.com\/wp-content\/uploads\/2025\/09\/laliga-100x100.png 100w\" sizes=\"auto, (max-width: 500px) 100vw, 500px\" \/><\/figure>\n<\/div>\n\n\n\n<div class=\"wp-block-column bg-white py-4 px-3 is-layout-flow wp-block-column-is-layout-flow\" style=\"flex-basis:66.66%\">\n<h2 class=\"wp-block-heading has-text-align-center h4\"><strong>LOTER\u00cdA MONTSERRAT<\/strong><\/h2>\n\n\n\n<h3 class=\"wp-block-heading has-text-align-center h6\">Temporada 2019\/2020<\/h3>\n\n\n\n<p class=\"has-text-align-center\">Iniciem un nou projecte avalat per un grup de professionals amb una important traject\u00f2ria i experi\u00e8ncia al m\u00f3n de la Quinela.<\/p>\n\n\n\n<p class=\"has-text-align-center\">Seguiment de totes les jornades i resultats a trav\u00e9s de la nostra web. <\/p>\n\n\n\n<p class=\"has-text-align-center\">La liquidaci\u00f3 a final de temporada<\/p>\n\n\n\n<p class=\"has-text-align-center\">*En cas que el premi sigui superior a 100.000\u20ac, es liquidar\u00e0 quan es cobri el premi<\/p>\n<\/div>\n<\/div>\n\n<div style=\"height:50px\" aria-hidden=\"true\" class=\"wp-block-spacer\"><\/div>\n\n<div class=\"wp-block-columns is-layout-flex wp-container-core-columns-is-layout-9d6595d7 wp-block-columns-is-layout-flex\">\n<div class=\"wp-block-column bg-white p-3 is-layout-flow wp-block-column-is-layout-flow\">\n<p class=\"has-text-align-center h5\">TEMPORADES I RENDIBILITAT<\/p>\n\n\n\n<p class=\"has-text-align-center\">2016 \u2013 2017 \u2014&gt; 133,86%<br\/>2017 \u2013 2018 \u2014&gt; 273,75%<br\/>2018 \u2013 2019 \u2014&gt; 227,73%<\/p>\n<\/div>\n\n\n\n<div class=\"wp-block-column is-vertically-aligned-stretch d-flex flex-column justify-content-between pt-3 has-background is-layout-flow wp-block-column-is-layout-flow\" style=\"background-color:#e9f3d8\">\n<div class=\"wp-block-group\"><div class=\"wp-block-group__inner-container is-layout-constrained wp-block-group-is-layout-constrained\">\n<p class=\"has-text-align-center h5 has-text-color has-link-color wp-elements-cec15dfb384115bf0e978b37fba97333\" style=\"color:#000000\"><a href=\"https:\/\/www.loteriamontserrat.com\/ca\/contacte\/\">ABONAMENTS DE TEMPORADA:<\/a><\/p>\n\n\n\n<p class=\"has-text-align-center\">100\u20ac, 200\u20ac, 500\u20ac, 1.000\u20ac<\/p>\n<\/div><\/div>\n\n\n\n<p class=\"has-text-align-center py-2 mb-0 has-white-color has-text-color has-background has-link-color wp-elements-ae106dab23b43e189f0515b857484010\" style=\"background-color:#607f29\"><a href=\"https:\/\/www.loteriamontserrat.com\/ca\/contacte\/\"><strong>Consulta maneres de pagar<\/strong><\/a><\/p>\n<\/div>\n\n\n\n<div class=\"wp-block-column bg-white p-3 is-layout-flow wp-block-column-is-layout-flow\">\n<p class=\"has-text-align-center h5\">M\u00c9S INFORMACI\u00d3<\/p>\n\n\n\n<p class=\"has-text-align-center\">Per a m\u00e9s informaci\u00f3 adreceu-vos-a:<br\/>Adm n\u00ba 8 de Manresa (Carrefour)<br\/>penya@loteriamontserratold.test<br\/>tlf: (+34) 606 97 46 80<\/p>\n<\/div>\n<\/div>\n\n<div style=\"height:50px\" aria-hidden=\"true\" class=\"wp-block-spacer\"><\/div>\n\n<div class=\"wp-block-group text-center\"><div class=\"wp-block-group__inner-container is-layout-constrained wp-block-group-is-layout-constrained\">\n<p class=\"btn btn-primary\"><a href=\"https:\/\/www.loteriamontserrat.com\/ca\/login-penya\/\">Accedir<\/a><\/p>\n<\/div><\/div>\n","protected":false},"excerpt":{"rendered":"<p>\u00a0 [&#8230;]<\/p>\n<p><a class=\"btn btn-secondary understrap-read-more-link\" href=\"https:\/\/www.loteriamontserrat.com\/ca\/penya\/\">Read More&#8230;<span class=\"screen-reader-text\"> from Penya Quinelista<\/span><\/a><\/p>\n","protected":false},"author":12,"featured_media":33008,"parent":0,"menu_order":0,"comment_status":"closed","ping_status":"closed","template":"","meta":{"_acf_changed":false,"footnotes":""},"class_list":["post-33009","page","type-page","status-publish","has-post-thumbnail","hentry"],"acf":[],"yoast_head":"<!-- This site is optimized with the Yoast SEO plugin v25.4 - https:\/\/yoast.com\/wordpress\/plugins\/seo\/ -->\n<title>Penya Quinelista - Loter\u00eda Monserrat<\/title>\n<meta name=\"robots\" content=\"index, follow, max-snippet:-1, max-image-preview:large, max-video-preview:-1\" \/>\n<link rel=\"canonical\" href=\"https:\/\/www.loteriamontserrat.com\/ca\/penya\/\" \/>\n<meta property=\"og:locale\" content=\"ca_ES\" \/>\n<meta property=\"og:type\" content=\"article\" \/>\n<meta property=\"og:title\" content=\"Penya Quinelista - Loter\u00eda Monserrat\" \/>\n<meta property=\"og:description\" content=\"\u00a0 [...]Read More... from Penya Quinelista\" \/>\n<meta property=\"og:url\" content=\"https:\/\/www.loteriamontserrat.com\/ca\/penya\/\" \/>\n<meta property=\"og:site_name\" content=\"Loter\u00eda Monserrat\" \/>\n<meta property=\"article:modified_time\" content=\"2025-11-03T12:01:48+00:00\" \/>\n<meta property=\"og:image\" content=\"https:\/\/www.loteriamontserrat.com\/wp-content\/uploads\/2025\/09\/cabecera.png\" \/>\n\t<meta property=\"og:image:width\" content=\"1900\" \/>\n\t<meta property=\"og:image:height\" content=\"1024\" \/>\n\t<meta property=\"og:image:type\" content=\"image\/png\" \/>\n<meta name=\"twitter:card\" content=\"summary_large_image\" \/>\n<meta name=\"twitter:label1\" content=\"Temps estimat de lectura\" \/>\n\t<meta name=\"twitter:data1\" content=\"1 minut\" \/>\n<script type=\"application\/ld+json\" class=\"yoast-schema-graph\">{\"@context\":\"https:\/\/schema.org\",\"@graph\":[{\"@type\":\"WebPage\",\"@id\":\"https:\/\/www.loteriamontserrat.com\/ca\/penya\/\",\"url\":\"https:\/\/www.loteriamontserrat.com\/ca\/penya\/\",\"name\":\"Penya Quinelista - Loter\u00eda Monserrat\",\"isPartOf\":{\"@id\":\"https:\/\/www.loteriamontserrat.com\/ca\/#website\"},\"primaryImageOfPage\":{\"@id\":\"https:\/\/www.loteriamontserrat.com\/ca\/penya\/#primaryimage\"},\"image\":{\"@id\":\"https:\/\/www.loteriamontserrat.com\/ca\/penya\/#primaryimage\"},\"thumbnailUrl\":\"https:\/\/www.loteriamontserrat.com\/wp-content\/uploads\/2025\/09\/cabecera.png\",\"datePublished\":\"2025-09-24T07:59:11+00:00\",\"dateModified\":\"2025-11-03T12:01:48+00:00\",\"breadcrumb\":{\"@id\":\"https:\/\/www.loteriamontserrat.com\/ca\/penya\/#breadcrumb\"},\"inLanguage\":\"ca\",\"potentialAction\":[{\"@type\":\"ReadAction\",\"target\":[\"https:\/\/www.loteriamontserrat.com\/ca\/penya\/\"]}]},{\"@type\":\"ImageObject\",\"inLanguage\":\"ca\",\"@id\":\"https:\/\/www.loteriamontserrat.com\/ca\/penya\/#primaryimage\",\"url\":\"https:\/\/www.loteriamontserrat.com\/wp-content\/uploads\/2025\/09\/cabecera.png\",\"contentUrl\":\"https:\/\/www.loteriamontserrat.com\/wp-content\/uploads\/2025\/09\/cabecera.png\",\"width\":1900,\"height\":1024},{\"@type\":\"BreadcrumbList\",\"@id\":\"https:\/\/www.loteriamontserrat.com\/ca\/penya\/#breadcrumb\",\"itemListElement\":[{\"@type\":\"ListItem\",\"position\":1,\"name\":\"Home\",\"item\":\"https:\/\/www.loteriamontserrat.com\/ca\/home-2\/\"},{\"@type\":\"ListItem\",\"position\":2,\"name\":\"Penya Quinelista\"}]},{\"@type\":\"WebSite\",\"@id\":\"https:\/\/www.loteriamontserrat.com\/ca\/#website\",\"url\":\"https:\/\/www.loteriamontserrat.com\/ca\/\",\"name\":\"Loter\u00eda Monserrat\",\"description\":\"Administraci\u00f3n N\u00ba8 Manresa\",\"publisher\":{\"@id\":\"https:\/\/www.loteriamontserrat.com\/ca\/#organization\"},\"potentialAction\":[{\"@type\":\"SearchAction\",\"target\":{\"@type\":\"EntryPoint\",\"urlTemplate\":\"https:\/\/www.loteriamontserrat.com\/ca\/?s={search_term_string}\"},\"query-input\":{\"@type\":\"PropertyValueSpecification\",\"valueRequired\":true,\"valueName\":\"search_term_string\"}}],\"inLanguage\":\"ca\"},{\"@type\":\"Organization\",\"@id\":\"https:\/\/www.loteriamontserrat.com\/ca\/#organization\",\"name\":\"Loter\u00eda Monserrat\",\"url\":\"https:\/\/www.loteriamontserrat.com\/ca\/\",\"logo\":{\"@type\":\"ImageObject\",\"inLanguage\":\"ca\",\"@id\":\"https:\/\/www.loteriamontserrat.com\/ca\/#\/schema\/logo\/image\/\",\"url\":\"https:\/\/www.loteriamontserrat.com\/wp-content\/uploads\/2025\/07\/logo-loteria-monserrat-8-manset.png\",\"contentUrl\":\"https:\/\/www.loteriamontserrat.com\/wp-content\/uploads\/2025\/07\/logo-loteria-monserrat-8-manset.png\",\"width\":513,\"height\":75,\"caption\":\"Loter\u00eda Monserrat\"},\"image\":{\"@id\":\"https:\/\/www.loteriamontserrat.com\/ca\/#\/schema\/logo\/image\/\"}}]}<\/script>\n<!-- \/ Yoast SEO plugin. -->","yoast_head_json":{"title":"Penya Quinelista - Loter\u00eda Monserrat","robots":{"index":"index","follow":"follow","max-snippet":"max-snippet:-1","max-image-preview":"max-image-preview:large","max-video-preview":"max-video-preview:-1"},"canonical":"https:\/\/www.loteriamontserrat.com\/ca\/penya\/","og_locale":"ca_ES","og_type":"article","og_title":"Penya Quinelista - Loter\u00eda Monserrat","og_description":"\u00a0 [...]Read More... from Penya Quinelista","og_url":"https:\/\/www.loteriamontserrat.com\/ca\/penya\/","og_site_name":"Loter\u00eda Monserrat","article_modified_time":"2025-11-03T12:01:48+00:00","og_image":[{"width":1900,"height":1024,"url":"https:\/\/www.loteriamontserrat.com\/wp-content\/uploads\/2025\/09\/cabecera.png","type":"image\/png"}],"twitter_card":"summary_large_image","twitter_misc":{"Temps estimat de lectura":"1 minut"},"schema":{"@context":"https:\/\/schema.org","@graph":[{"@type":"WebPage","@id":"https:\/\/www.loteriamontserrat.com\/ca\/penya\/","url":"https:\/\/www.loteriamontserrat.com\/ca\/penya\/","name":"Penya Quinelista - Loter\u00eda Monserrat","isPartOf":{"@id":"https:\/\/www.loteriamontserrat.com\/ca\/#website"},"primaryImageOfPage":{"@id":"https:\/\/www.loteriamontserrat.com\/ca\/penya\/#primaryimage"},"image":{"@id":"https:\/\/www.loteriamontserrat.com\/ca\/penya\/#primaryimage"},"thumbnailUrl":"https:\/\/www.loteriamontserrat.com\/wp-content\/uploads\/2025\/09\/cabecera.png","datePublished":"2025-09-24T07:59:11+00:00","dateModified":"2025-11-03T12:01:48+00:00","breadcrumb":{"@id":"https:\/\/www.loteriamontserrat.com\/ca\/penya\/#breadcrumb"},"inLanguage":"ca","potentialAction":[{"@type":"ReadAction","target":["https:\/\/www.loteriamontserrat.com\/ca\/penya\/"]}]},{"@type":"ImageObject","inLanguage":"ca","@id":"https:\/\/www.loteriamontserrat.com\/ca\/penya\/#primaryimage","url":"https:\/\/www.loteriamontserrat.com\/wp-content\/uploads\/2025\/09\/cabecera.png","contentUrl":"https:\/\/www.loteriamontserrat.com\/wp-content\/uploads\/2025\/09\/cabecera.png","width":1900,"height":1024},{"@type":"BreadcrumbList","@id":"https:\/\/www.loteriamontserrat.com\/ca\/penya\/#breadcrumb","itemListElement":[{"@type":"ListItem","position":1,"name":"Home","item":"https:\/\/www.loteriamontserrat.com\/ca\/home-2\/"},{"@type":"ListItem","position":2,"name":"Penya Quinelista"}]},{"@type":"WebSite","@id":"https:\/\/www.loteriamontserrat.com\/ca\/#website","url":"https:\/\/www.loteriamontserrat.com\/ca\/","name":"Loter\u00eda Monserrat","description":"Administraci\u00f3n N\u00ba8 Manresa","publisher":{"@id":"https:\/\/www.loteriamontserrat.com\/ca\/#organization"},"potentialAction":[{"@type":"SearchAction","target":{"@type":"EntryPoint","urlTemplate":"https:\/\/www.loteriamontserrat.com\/ca\/?s={search_term_string}"},"query-input":{"@type":"PropertyValueSpecification","valueRequired":true,"valueName":"search_term_string"}}],"inLanguage":"ca"},{"@type":"Organization","@id":"https:\/\/www.loteriamontserrat.com\/ca\/#organization","name":"Loter\u00eda Monserrat","url":"https:\/\/www.loteriamontserrat.com\/ca\/","logo":{"@type":"ImageObject","inLanguage":"ca","@id":"https:\/\/www.loteriamontserrat.com\/ca\/#\/schema\/logo\/image\/","url":"https:\/\/www.loteriamontserrat.com\/wp-content\/uploads\/2025\/07\/logo-loteria-monserrat-8-manset.png","contentUrl":"https:\/\/www.loteriamontserrat.com\/wp-content\/uploads\/2025\/07\/logo-loteria-monserrat-8-manset.png","width":513,"height":75,"caption":"Loter\u00eda Monserrat"},"image":{"@id":"https:\/\/www.loteriamontserrat.com\/ca\/#\/schema\/logo\/image\/"}}]}},"_links":{"self":[{"href":"https:\/\/www.loteriamontserrat.com\/ca\/wp-json\/wp\/v2\/pages\/33009","targetHints":{"allow":["GET"]}}],"collection":[{"href":"https:\/\/www.loteriamontserrat.com\/ca\/wp-json\/wp\/v2\/pages"}],"about":[{"href":"https:\/\/www.loteriamontserrat.com\/ca\/wp-json\/wp\/v2\/types\/page"}],"author":[{"embeddable":true,"href":"https:\/\/www.loteriamontserrat.com\/ca\/wp-json\/wp\/v2\/users\/12"}],"replies":[{"embeddable":true,"href":"https:\/\/www.loteriamontserrat.com\/ca\/wp-json\/wp\/v2\/comments?post=33009"}],"version-history":[{"count":7,"href":"https:\/\/www.loteriamontserrat.com\/ca\/wp-json\/wp\/v2\/pages\/33009\/revisions"}],"predecessor-version":[{"id":33091,"href":"https:\/\/www.loteriamontserrat.com\/ca\/wp-json\/wp\/v2\/pages\/33009\/revisions\/33091"}],"wp:featuredmedia":[{"embeddable":true,"href":"https:\/\/www.loteriamontserrat.com\/ca\/wp-json\/wp\/v2\/media\/33008"}],"wp:attachment":[{"href":"https:\/\/www.loteriamontserrat.com\/ca\/wp-json\/wp\/v2\/media?parent=33009"}],"curies":[{"name":"wp","href":"https:\/\/api.w.org\/{rel}","templated":true}]}}