{"id":32998,"date":"2025-07-29T14:14:49","date_gmt":"2025-07-29T12:14:49","guid":{"rendered":"https:\/\/www.loteriamontserrat.com\/lototurf-2\/"},"modified":"2025-10-30T21:24:19","modified_gmt":"2025-10-30T20:24:19","slug":"lototurf-2","status":"publish","type":"page","link":"https:\/\/www.loteriamontserrat.com\/ca\/lototurf-2\/","title":{"rendered":"Lototurf"},"content":{"rendered":"\n<p>\u00c9s un joc que se sorteja tots els diumenges i depenent de les curses h\u00edpiques hi pot haver sorteig els dimecres i els divendres.<br\/>Consta de 31 n\u00fameros dels quals se n&#8217;han de marcar 6 a cada bloc que vulguis jugar + el cavall guanyador de la quarta cursa.<br\/>Hi ha reintegrament (0-9), que surt autom\u00e0tic en fer la teva aposta.<br\/>El premi de categoria superior s&#8217;aconsegueix encertant els 6 n\u00fameros + el cavall guanyador.<br\/>Per aconseguir un premi, com a m\u00ednim, s&#8217;ha d&#8217;encertar o b\u00e9 el reintegrament o b\u00e9 4 n\u00fameros.<br\/>Cada bloc \u00e9s una aposta i aquesta t\u00e9 un preu de 1\u20ac.<br\/>Teniu l&#8217;opci\u00f3 de fer m\u00faltiples de 7, 8, 9 i 10 + 2, 3 i 4 cavalls (si voleu que us expliquem el funcionament d&#8217;aquestes no dubteu en posar-vos en contacte amb nosaltres).<\/p>\n\n<div class=\"wp-block-group text-center my-5\"><div class=\"wp-block-group__inner-container is-layout-constrained wp-block-group-is-layout-constrained\">\n<p class=\"has-text-align-center btn btn-primary\"><a href=\"\/wp-content\/uploads\/2025\/07\/primi.zip\">Descarregar programa<\/a><\/p>\n<\/div><\/div>\n<div class=\"wp-block-image\">\n<figure class=\"aligncenter size-full\"><img loading=\"lazy\" decoding=\"async\" width=\"948\" height=\"465\" src=\"https:\/\/www.loteriamontserrat.com\/wp-content\/uploads\/2025\/07\/lototurf-banner.png\" alt=\"\" class=\"wp-image-32827\" srcset=\"https:\/\/www.loteriamontserrat.com\/wp-content\/uploads\/2025\/07\/lototurf-banner.png 948w, https:\/\/www.loteriamontserrat.com\/wp-content\/uploads\/2025\/07\/lototurf-banner-300x147.png 300w, https:\/\/www.loteriamontserrat.com\/wp-content\/uploads\/2025\/07\/lototurf-banner-768x377.png 768w, https:\/\/www.loteriamontserrat.com\/wp-content\/uploads\/2025\/07\/lototurf-banner-600x294.png 600w\" sizes=\"auto, (max-width: 948px) 100vw, 948px\" \/><\/figure><\/div>","protected":false},"excerpt":{"rendered":"<p>&nbsp; [&#8230;]<\/p>\n<p><a class=\"btn btn-secondary understrap-read-more-link\" href=\"https:\/\/www.loteriamontserrat.com\/ca\/lototurf-2\/\">Read More&#8230;<span class=\"screen-reader-text\"> from Lototurf<\/span><\/a><\/p>\n","protected":false},"author":12,"featured_media":0,"parent":0,"menu_order":0,"comment_status":"closed","ping_status":"closed","template":"","meta":{"_acf_changed":false,"footnotes":""},"class_list":["post-32998","page","type-page","status-publish","hentry"],"acf":[],"yoast_head":"<!-- This site is optimized with the Yoast SEO plugin v25.4 - https:\/\/yoast.com\/wordpress\/plugins\/seo\/ -->\n<title>Lototurf - Loter\u00eda Monserrat - Administraci\u00f3n N\u00ba8 Manresa<\/title>\n<meta name=\"description\" content=\"Loter\u00eda Monserrat - Administraci\u00f3n N\u00ba8 Manresa. Juga a lototurf i guanya el teu premi. Consulta com jugar-hi. Aconsegueix el teu premi Sort!\" \/>\n<meta name=\"robots\" content=\"index, follow, max-snippet:-1, max-image-preview:large, max-video-preview:-1\" \/>\n<link rel=\"canonical\" href=\"https:\/\/www.loteriamontserrat.com\/ca\/lototurf-2\/\" \/>\n<meta property=\"og:locale\" content=\"ca_ES\" \/>\n<meta property=\"og:type\" content=\"article\" \/>\n<meta property=\"og:title\" content=\"Lototurf - Loter\u00eda Monserrat - Administraci\u00f3n N\u00ba8 Manresa\" \/>\n<meta property=\"og:description\" content=\"Loter\u00eda Monserrat - Administraci\u00f3n N\u00ba8 Manresa. Juga a lototurf i guanya el teu premi. Consulta com jugar-hi. Aconsegueix el teu premi Sort!\" \/>\n<meta property=\"og:url\" content=\"https:\/\/www.loteriamontserrat.com\/ca\/lototurf-2\/\" \/>\n<meta property=\"og:site_name\" content=\"Loter\u00eda Monserrat\" \/>\n<meta property=\"article:modified_time\" content=\"2025-10-30T20:24:19+00:00\" \/>\n<meta property=\"og:image\" content=\"https:\/\/www.loteriamontserrat.com\/wp-content\/uploads\/2025\/07\/lototurf-banner.png\" \/>\n\t<meta property=\"og:image:width\" content=\"948\" \/>\n\t<meta property=\"og:image:height\" content=\"465\" \/>\n\t<meta property=\"og:image:type\" content=\"image\/png\" \/>\n<meta name=\"twitter:card\" content=\"summary_large_image\" \/>\n<meta name=\"twitter:label1\" content=\"Temps estimat de lectura\" \/>\n\t<meta name=\"twitter:data1\" content=\"1 minut\" \/>\n<script type=\"application\/ld+json\" class=\"yoast-schema-graph\">{\"@context\":\"https:\/\/schema.org\",\"@graph\":[{\"@type\":\"WebPage\",\"@id\":\"https:\/\/www.loteriamontserrat.com\/ca\/lototurf-2\/\",\"url\":\"https:\/\/www.loteriamontserrat.com\/ca\/lototurf-2\/\",\"name\":\"Lototurf - Loter\u00eda Monserrat - Administraci\u00f3n N\u00ba8 Manresa\",\"isPartOf\":{\"@id\":\"https:\/\/www.loteriamontserrat.com\/ca\/#website\"},\"primaryImageOfPage\":{\"@id\":\"https:\/\/www.loteriamontserrat.com\/ca\/lototurf-2\/#primaryimage\"},\"image\":{\"@id\":\"https:\/\/www.loteriamontserrat.com\/ca\/lototurf-2\/#primaryimage\"},\"thumbnailUrl\":\"https:\/\/www.loteriamontserrat.com\/wp-content\/uploads\/2025\/07\/lototurf-banner.png\",\"datePublished\":\"2025-07-29T12:14:49+00:00\",\"dateModified\":\"2025-10-30T20:24:19+00:00\",\"description\":\"Loter\u00eda Monserrat - Administraci\u00f3n N\u00ba8 Manresa. Juga a lototurf i guanya el teu premi. Consulta com jugar-hi. Aconsegueix el teu premi Sort!\",\"breadcrumb\":{\"@id\":\"https:\/\/www.loteriamontserrat.com\/ca\/lototurf-2\/#breadcrumb\"},\"inLanguage\":\"ca\",\"potentialAction\":[{\"@type\":\"ReadAction\",\"target\":[\"https:\/\/www.loteriamontserrat.com\/ca\/lototurf-2\/\"]}]},{\"@type\":\"ImageObject\",\"inLanguage\":\"ca\",\"@id\":\"https:\/\/www.loteriamontserrat.com\/ca\/lototurf-2\/#primaryimage\",\"url\":\"https:\/\/www.loteriamontserrat.com\/wp-content\/uploads\/2025\/07\/lototurf-banner.png\",\"contentUrl\":\"https:\/\/www.loteriamontserrat.com\/wp-content\/uploads\/2025\/07\/lototurf-banner.png\"},{\"@type\":\"BreadcrumbList\",\"@id\":\"https:\/\/www.loteriamontserrat.com\/ca\/lototurf-2\/#breadcrumb\",\"itemListElement\":[{\"@type\":\"ListItem\",\"position\":1,\"name\":\"Home\",\"item\":\"https:\/\/www.loteriamontserrat.com\/ca\/home-2\/\"},{\"@type\":\"ListItem\",\"position\":2,\"name\":\"Lototurf\"}]},{\"@type\":\"WebSite\",\"@id\":\"https:\/\/www.loteriamontserrat.com\/ca\/#website\",\"url\":\"https:\/\/www.loteriamontserrat.com\/ca\/\",\"name\":\"Loter\u00eda Monserrat\",\"description\":\"Administraci\u00f3n N\u00ba8 Manresa\",\"publisher\":{\"@id\":\"https:\/\/www.loteriamontserrat.com\/ca\/#organization\"},\"potentialAction\":[{\"@type\":\"SearchAction\",\"target\":{\"@type\":\"EntryPoint\",\"urlTemplate\":\"https:\/\/www.loteriamontserrat.com\/ca\/?s={search_term_string}\"},\"query-input\":{\"@type\":\"PropertyValueSpecification\",\"valueRequired\":true,\"valueName\":\"search_term_string\"}}],\"inLanguage\":\"ca\"},{\"@type\":\"Organization\",\"@id\":\"https:\/\/www.loteriamontserrat.com\/ca\/#organization\",\"name\":\"Loter\u00eda Monserrat\",\"url\":\"https:\/\/www.loteriamontserrat.com\/ca\/\",\"logo\":{\"@type\":\"ImageObject\",\"inLanguage\":\"ca\",\"@id\":\"https:\/\/www.loteriamontserrat.com\/ca\/#\/schema\/logo\/image\/\",\"url\":\"https:\/\/www.loteriamontserrat.com\/wp-content\/uploads\/2025\/07\/logo-loteria-monserrat-8-manset.png\",\"contentUrl\":\"https:\/\/www.loteriamontserrat.com\/wp-content\/uploads\/2025\/07\/logo-loteria-monserrat-8-manset.png\",\"width\":513,\"height\":75,\"caption\":\"Loter\u00eda Monserrat\"},\"image\":{\"@id\":\"https:\/\/www.loteriamontserrat.com\/ca\/#\/schema\/logo\/image\/\"}}]}<\/script>\n<!-- \/ Yoast SEO plugin. -->","yoast_head_json":{"title":"Lototurf - Loter\u00eda Monserrat - Administraci\u00f3n N\u00ba8 Manresa","description":"Loter\u00eda Monserrat - Administraci\u00f3n N\u00ba8 Manresa. Juga a lototurf i guanya el teu premi. Consulta com jugar-hi. Aconsegueix el teu premi Sort!","robots":{"index":"index","follow":"follow","max-snippet":"max-snippet:-1","max-image-preview":"max-image-preview:large","max-video-preview":"max-video-preview:-1"},"canonical":"https:\/\/www.loteriamontserrat.com\/ca\/lototurf-2\/","og_locale":"ca_ES","og_type":"article","og_title":"Lototurf - Loter\u00eda Monserrat - Administraci\u00f3n N\u00ba8 Manresa","og_description":"Loter\u00eda Monserrat - Administraci\u00f3n N\u00ba8 Manresa. Juga a lototurf i guanya el teu premi. Consulta com jugar-hi. Aconsegueix el teu premi Sort!","og_url":"https:\/\/www.loteriamontserrat.com\/ca\/lototurf-2\/","og_site_name":"Loter\u00eda Monserrat","article_modified_time":"2025-10-30T20:24:19+00:00","og_image":[{"width":948,"height":465,"url":"https:\/\/www.loteriamontserrat.com\/wp-content\/uploads\/2025\/07\/lototurf-banner.png","type":"image\/png"}],"twitter_card":"summary_large_image","twitter_misc":{"Temps estimat de lectura":"1 minut"},"schema":{"@context":"https:\/\/schema.org","@graph":[{"@type":"WebPage","@id":"https:\/\/www.loteriamontserrat.com\/ca\/lototurf-2\/","url":"https:\/\/www.loteriamontserrat.com\/ca\/lototurf-2\/","name":"Lototurf - Loter\u00eda Monserrat - Administraci\u00f3n N\u00ba8 Manresa","isPartOf":{"@id":"https:\/\/www.loteriamontserrat.com\/ca\/#website"},"primaryImageOfPage":{"@id":"https:\/\/www.loteriamontserrat.com\/ca\/lototurf-2\/#primaryimage"},"image":{"@id":"https:\/\/www.loteriamontserrat.com\/ca\/lototurf-2\/#primaryimage"},"thumbnailUrl":"https:\/\/www.loteriamontserrat.com\/wp-content\/uploads\/2025\/07\/lototurf-banner.png","datePublished":"2025-07-29T12:14:49+00:00","dateModified":"2025-10-30T20:24:19+00:00","description":"Loter\u00eda Monserrat - Administraci\u00f3n N\u00ba8 Manresa. Juga a lototurf i guanya el teu premi. Consulta com jugar-hi. Aconsegueix el teu premi Sort!","breadcrumb":{"@id":"https:\/\/www.loteriamontserrat.com\/ca\/lototurf-2\/#breadcrumb"},"inLanguage":"ca","potentialAction":[{"@type":"ReadAction","target":["https:\/\/www.loteriamontserrat.com\/ca\/lototurf-2\/"]}]},{"@type":"ImageObject","inLanguage":"ca","@id":"https:\/\/www.loteriamontserrat.com\/ca\/lototurf-2\/#primaryimage","url":"https:\/\/www.loteriamontserrat.com\/wp-content\/uploads\/2025\/07\/lototurf-banner.png","contentUrl":"https:\/\/www.loteriamontserrat.com\/wp-content\/uploads\/2025\/07\/lototurf-banner.png"},{"@type":"BreadcrumbList","@id":"https:\/\/www.loteriamontserrat.com\/ca\/lototurf-2\/#breadcrumb","itemListElement":[{"@type":"ListItem","position":1,"name":"Home","item":"https:\/\/www.loteriamontserrat.com\/ca\/home-2\/"},{"@type":"ListItem","position":2,"name":"Lototurf"}]},{"@type":"WebSite","@id":"https:\/\/www.loteriamontserrat.com\/ca\/#website","url":"https:\/\/www.loteriamontserrat.com\/ca\/","name":"Loter\u00eda Monserrat","description":"Administraci\u00f3n N\u00ba8 Manresa","publisher":{"@id":"https:\/\/www.loteriamontserrat.com\/ca\/#organization"},"potentialAction":[{"@type":"SearchAction","target":{"@type":"EntryPoint","urlTemplate":"https:\/\/www.loteriamontserrat.com\/ca\/?s={search_term_string}"},"query-input":{"@type":"PropertyValueSpecification","valueRequired":true,"valueName":"search_term_string"}}],"inLanguage":"ca"},{"@type":"Organization","@id":"https:\/\/www.loteriamontserrat.com\/ca\/#organization","name":"Loter\u00eda Monserrat","url":"https:\/\/www.loteriamontserrat.com\/ca\/","logo":{"@type":"ImageObject","inLanguage":"ca","@id":"https:\/\/www.loteriamontserrat.com\/ca\/#\/schema\/logo\/image\/","url":"https:\/\/www.loteriamontserrat.com\/wp-content\/uploads\/2025\/07\/logo-loteria-monserrat-8-manset.png","contentUrl":"https:\/\/www.loteriamontserrat.com\/wp-content\/uploads\/2025\/07\/logo-loteria-monserrat-8-manset.png","width":513,"height":75,"caption":"Loter\u00eda Monserrat"},"image":{"@id":"https:\/\/www.loteriamontserrat.com\/ca\/#\/schema\/logo\/image\/"}}]}},"_links":{"self":[{"href":"https:\/\/www.loteriamontserrat.com\/ca\/wp-json\/wp\/v2\/pages\/32998","targetHints":{"allow":["GET"]}}],"collection":[{"href":"https:\/\/www.loteriamontserrat.com\/ca\/wp-json\/wp\/v2\/pages"}],"about":[{"href":"https:\/\/www.loteriamontserrat.com\/ca\/wp-json\/wp\/v2\/types\/page"}],"author":[{"embeddable":true,"href":"https:\/\/www.loteriamontserrat.com\/ca\/wp-json\/wp\/v2\/users\/12"}],"replies":[{"embeddable":true,"href":"https:\/\/www.loteriamontserrat.com\/ca\/wp-json\/wp\/v2\/comments?post=32998"}],"version-history":[{"count":3,"href":"https:\/\/www.loteriamontserrat.com\/ca\/wp-json\/wp\/v2\/pages\/32998\/revisions"}],"predecessor-version":[{"id":33030,"href":"https:\/\/www.loteriamontserrat.com\/ca\/wp-json\/wp\/v2\/pages\/32998\/revisions\/33030"}],"wp:attachment":[{"href":"https:\/\/www.loteriamontserrat.com\/ca\/wp-json\/wp\/v2\/media?parent=32998"}],"curies":[{"name":"wp","href":"https:\/\/api.w.org\/{rel}","templated":true}]}}