{"id":32991,"date":"2025-07-28T23:05:51","date_gmt":"2025-07-28T21:05:51","guid":{"rendered":"https:\/\/www.loteriamontserrat.com\/loteria-nacional-2\/"},"modified":"2025-10-30T21:28:48","modified_gmt":"2025-10-30T20:28:48","slug":"loteria-nacional-2","status":"publish","type":"page","link":"https:\/\/www.loteriamontserrat.com\/ca\/loteria-nacional-2\/","title":{"rendered":"Loter\u00eda Nacional"},"content":{"rendered":"\n<p>La Loter\u00eda <a>Nacional<\/a> \u00e9s una combinaci\u00f3 de 5 n\u00fameros que pot anar des del 00000 fins al 99999.<\/p>\n\n<p>Pots triar els d\u00e8cims que han a disposici\u00f3 a l&#8217;administraci\u00f3 o b\u00e9 provar si hi ha disponibilitat de la combinaci\u00f3 als nostres terminals (que estan tots connectats a la xarxa de loteries i apostes de l&#8217;estat)<br\/>han diferents sortejos amb diferents premis cadascun:<\/p>\n\n<ul class=\"wp-block-list\">\n<li><a>Els sorteigs dels DIJOUS:<\/a> Com indica el nom se sortegen cada setmana els dijous amb un preu de 3\u20ac, on hi ha m\u00e9s d&#8217;un 30% de d\u00e8cims premiats de diferents imports. El primer premi puja a 30.000\u20ac.<\/li>\n\n\n\n<li><a>Els sorteigs dels DISSABTES:<\/a> Com indica el nom se sortegen cada setmana els dissabtes (majorit\u00e0riament), amb un preu de 6\u20ac, on hi ha m\u00e9s d&#8217;un 30% de d\u00e8cims premiats de diferents imports. El primer premi puja a 60.000\u20ac.<\/li>\n\n\n\n<li><a>Els sorteigs EXTRAORDINARIS:<\/a> S\u00f3n sorteigs del Dissabte que tenen un preu de 15\u20ac on hi ha un premi especial al des\u00e8, encertant s\u00e8rie i fracci\u00f3 de 15.000.000\u20ac i premis de diferents imports a m\u00e9s del 30% de d\u00e8cims premiats. El primer premi puja a 130.000\u20ac.<\/li>\n\n\n\n<li><a>El sorteig ESPECIAL de Gener:<\/a> \u00c9s el tercer sorteig del dissabte de l&#8217;any que t\u00e9 un preu de 12\u20ac on hi ha diferents premis amb m\u00e9s del 30% de d\u00e8cims premiats. Cal destacar que aquest sorteig consta de m\u00e9s terminacions premiades. El primer premi puja a 100.000\u20ac.<\/li>\n\n\n\n<li><a>El sorteig ESPECIAL de Juliol \u201cVACANCES\u201d:<\/a> \u00c9s un sorteig amb un preu de 20\u20ac on es reparteixen diferents premis amb m\u00e9s del 30% de d\u00e8cims premiats. El primer premi puja a 200.000\u20ac.<\/li>\n\n\n\n<li><a>El sorteig del \u201cNEN\u201d:<\/a> \u00c9s el sorteig del dia de reis amb un preu de 20\u20ac, on hi ha molts premis diferents amb m\u00e9s del 30% de d\u00e8cims premiats. El primer premi puja a 200.000\u20ac.<\/li>\n\n\n\n<li><a>El sorteig de NADAL:<\/a> \u00c9s el sorteig per excel\u00b7l\u00e8ncia amb un preu de 20\u20ac, on es reparteixen m\u00e9s milions que cap altre sorteig. El primer premio asciende a 400.000\u20ac.<\/li>\n<\/ul>\n\n<div class=\"wp-block-group text-center my-5\"><div class=\"wp-block-group__inner-container is-layout-constrained wp-block-group-is-layout-constrained\">\n<p class=\"has-text-align-center btn btn-primary\"><a href=\"\/wp-content\/uploads\/2025\/07\/quini.zip\">Descarregar programa<\/a><\/p>\n<\/div><\/div>\n\n<p><\/p>\n<div class=\"wp-block-image mb-5\">\n<figure class=\"aligncenter size-full\"><img loading=\"lazy\" decoding=\"async\" width=\"1000\" height=\"567\" src=\"https:\/\/www.loteriamontserrat.com\/wp-content\/uploads\/2025\/07\/loteria-nacional-banner.jpg\" alt=\"\" class=\"wp-image-32771\" srcset=\"https:\/\/www.loteriamontserrat.com\/wp-content\/uploads\/2025\/07\/loteria-nacional-banner.jpg 1000w, https:\/\/www.loteriamontserrat.com\/wp-content\/uploads\/2025\/07\/loteria-nacional-banner-300x170.jpg 300w, https:\/\/www.loteriamontserrat.com\/wp-content\/uploads\/2025\/07\/loteria-nacional-banner-768x435.jpg 768w, https:\/\/www.loteriamontserrat.com\/wp-content\/uploads\/2025\/07\/loteria-nacional-banner-600x340.jpg 600w\" sizes=\"auto, (max-width: 1000px) 100vw, 1000px\" \/><\/figure><\/div>\n<p><\/p>\n","protected":false},"excerpt":{"rendered":"<p>&nbsp; [&#8230;]<\/p>\n<p><a class=\"btn btn-secondary understrap-read-more-link\" href=\"https:\/\/www.loteriamontserrat.com\/ca\/loteria-nacional-2\/\">Read More&#8230;<span class=\"screen-reader-text\"> from Loter\u00eda Nacional<\/span><\/a><\/p>\n","protected":false},"author":12,"featured_media":0,"parent":0,"menu_order":0,"comment_status":"closed","ping_status":"closed","template":"","meta":{"_acf_changed":false,"footnotes":""},"class_list":["post-32991","page","type-page","status-publish","hentry"],"acf":[],"yoast_head":"<!-- This site is optimized with the Yoast SEO plugin v25.4 - https:\/\/yoast.com\/wordpress\/plugins\/seo\/ -->\n<title>Loter\u00eda Nacional - Loter\u00eda Monserrat - Administraci\u00f3n N\u00ba8 Manresa<\/title>\n<meta name=\"description\" content=\"Loter\u00eda Monserrat - Administraci\u00f3n N\u00ba8 Manresa. Loteria nacional escull el teu n\u00famero i guanya el teu premi. Consulta els diferents sortejos\" \/>\n<meta name=\"robots\" content=\"index, follow, max-snippet:-1, max-image-preview:large, max-video-preview:-1\" \/>\n<link rel=\"canonical\" href=\"https:\/\/www.loteriamontserrat.com\/ca\/loteria-nacional-2\/\" \/>\n<meta property=\"og:locale\" content=\"ca_ES\" \/>\n<meta property=\"og:type\" content=\"article\" \/>\n<meta property=\"og:title\" content=\"Loter\u00eda Nacional - Loter\u00eda Monserrat - Administraci\u00f3n N\u00ba8 Manresa\" \/>\n<meta property=\"og:description\" content=\"Loter\u00eda Monserrat - Administraci\u00f3n N\u00ba8 Manresa. Loteria nacional escull el teu n\u00famero i guanya el teu premi. Consulta els diferents sortejos\" \/>\n<meta property=\"og:url\" content=\"https:\/\/www.loteriamontserrat.com\/ca\/loteria-nacional-2\/\" \/>\n<meta property=\"og:site_name\" content=\"Loter\u00eda Monserrat\" \/>\n<meta property=\"article:modified_time\" content=\"2025-10-30T20:28:48+00:00\" \/>\n<meta property=\"og:image\" content=\"https:\/\/www.loteriamontserrat.com\/wp-content\/uploads\/2025\/07\/loteria-nacional-banner.jpg\" \/>\n\t<meta property=\"og:image:width\" content=\"1000\" \/>\n\t<meta property=\"og:image:height\" content=\"567\" \/>\n\t<meta property=\"og:image:type\" content=\"image\/jpeg\" \/>\n<meta name=\"twitter:card\" content=\"summary_large_image\" \/>\n<meta name=\"twitter:label1\" content=\"Temps estimat de lectura\" \/>\n\t<meta name=\"twitter:data1\" content=\"2 minuts\" \/>\n<script type=\"application\/ld+json\" class=\"yoast-schema-graph\">{\"@context\":\"https:\/\/schema.org\",\"@graph\":[{\"@type\":\"WebPage\",\"@id\":\"https:\/\/www.loteriamontserrat.com\/ca\/loteria-nacional-2\/\",\"url\":\"https:\/\/www.loteriamontserrat.com\/ca\/loteria-nacional-2\/\",\"name\":\"Loter\u00eda Nacional - Loter\u00eda Monserrat - Administraci\u00f3n N\u00ba8 Manresa\",\"isPartOf\":{\"@id\":\"https:\/\/www.loteriamontserrat.com\/ca\/#website\"},\"primaryImageOfPage\":{\"@id\":\"https:\/\/www.loteriamontserrat.com\/ca\/loteria-nacional-2\/#primaryimage\"},\"image\":{\"@id\":\"https:\/\/www.loteriamontserrat.com\/ca\/loteria-nacional-2\/#primaryimage\"},\"thumbnailUrl\":\"https:\/\/www.loteriamontserrat.com\/wp-content\/uploads\/2025\/07\/loteria-nacional-banner.jpg\",\"datePublished\":\"2025-07-28T21:05:51+00:00\",\"dateModified\":\"2025-10-30T20:28:48+00:00\",\"description\":\"Loter\u00eda Monserrat - Administraci\u00f3n N\u00ba8 Manresa. Loteria nacional escull el teu n\u00famero i guanya el teu premi. Consulta els diferents sortejos\",\"breadcrumb\":{\"@id\":\"https:\/\/www.loteriamontserrat.com\/ca\/loteria-nacional-2\/#breadcrumb\"},\"inLanguage\":\"ca\",\"potentialAction\":[{\"@type\":\"ReadAction\",\"target\":[\"https:\/\/www.loteriamontserrat.com\/ca\/loteria-nacional-2\/\"]}]},{\"@type\":\"ImageObject\",\"inLanguage\":\"ca\",\"@id\":\"https:\/\/www.loteriamontserrat.com\/ca\/loteria-nacional-2\/#primaryimage\",\"url\":\"https:\/\/www.loteriamontserrat.com\/wp-content\/uploads\/2025\/07\/loteria-nacional-banner.jpg\",\"contentUrl\":\"https:\/\/www.loteriamontserrat.com\/wp-content\/uploads\/2025\/07\/loteria-nacional-banner.jpg\"},{\"@type\":\"BreadcrumbList\",\"@id\":\"https:\/\/www.loteriamontserrat.com\/ca\/loteria-nacional-2\/#breadcrumb\",\"itemListElement\":[{\"@type\":\"ListItem\",\"position\":1,\"name\":\"Home\",\"item\":\"https:\/\/www.loteriamontserrat.com\/ca\/home-2\/\"},{\"@type\":\"ListItem\",\"position\":2,\"name\":\"Loter\u00eda Nacional\"}]},{\"@type\":\"WebSite\",\"@id\":\"https:\/\/www.loteriamontserrat.com\/ca\/#website\",\"url\":\"https:\/\/www.loteriamontserrat.com\/ca\/\",\"name\":\"Loter\u00eda Monserrat\",\"description\":\"Administraci\u00f3n N\u00ba8 Manresa\",\"publisher\":{\"@id\":\"https:\/\/www.loteriamontserrat.com\/ca\/#organization\"},\"potentialAction\":[{\"@type\":\"SearchAction\",\"target\":{\"@type\":\"EntryPoint\",\"urlTemplate\":\"https:\/\/www.loteriamontserrat.com\/ca\/?s={search_term_string}\"},\"query-input\":{\"@type\":\"PropertyValueSpecification\",\"valueRequired\":true,\"valueName\":\"search_term_string\"}}],\"inLanguage\":\"ca\"},{\"@type\":\"Organization\",\"@id\":\"https:\/\/www.loteriamontserrat.com\/ca\/#organization\",\"name\":\"Loter\u00eda Monserrat\",\"url\":\"https:\/\/www.loteriamontserrat.com\/ca\/\",\"logo\":{\"@type\":\"ImageObject\",\"inLanguage\":\"ca\",\"@id\":\"https:\/\/www.loteriamontserrat.com\/ca\/#\/schema\/logo\/image\/\",\"url\":\"https:\/\/www.loteriamontserrat.com\/wp-content\/uploads\/2025\/07\/logo-loteria-monserrat-8-manset.png\",\"contentUrl\":\"https:\/\/www.loteriamontserrat.com\/wp-content\/uploads\/2025\/07\/logo-loteria-monserrat-8-manset.png\",\"width\":513,\"height\":75,\"caption\":\"Loter\u00eda Monserrat\"},\"image\":{\"@id\":\"https:\/\/www.loteriamontserrat.com\/ca\/#\/schema\/logo\/image\/\"}}]}<\/script>\n<!-- \/ Yoast SEO plugin. -->","yoast_head_json":{"title":"Loter\u00eda Nacional - Loter\u00eda Monserrat - Administraci\u00f3n N\u00ba8 Manresa","description":"Loter\u00eda Monserrat - Administraci\u00f3n N\u00ba8 Manresa. Loteria nacional escull el teu n\u00famero i guanya el teu premi. Consulta els diferents sortejos","robots":{"index":"index","follow":"follow","max-snippet":"max-snippet:-1","max-image-preview":"max-image-preview:large","max-video-preview":"max-video-preview:-1"},"canonical":"https:\/\/www.loteriamontserrat.com\/ca\/loteria-nacional-2\/","og_locale":"ca_ES","og_type":"article","og_title":"Loter\u00eda Nacional - Loter\u00eda Monserrat - Administraci\u00f3n N\u00ba8 Manresa","og_description":"Loter\u00eda Monserrat - Administraci\u00f3n N\u00ba8 Manresa. Loteria nacional escull el teu n\u00famero i guanya el teu premi. Consulta els diferents sortejos","og_url":"https:\/\/www.loteriamontserrat.com\/ca\/loteria-nacional-2\/","og_site_name":"Loter\u00eda Monserrat","article_modified_time":"2025-10-30T20:28:48+00:00","og_image":[{"width":1000,"height":567,"url":"https:\/\/www.loteriamontserrat.com\/wp-content\/uploads\/2025\/07\/loteria-nacional-banner.jpg","type":"image\/jpeg"}],"twitter_card":"summary_large_image","twitter_misc":{"Temps estimat de lectura":"2 minuts"},"schema":{"@context":"https:\/\/schema.org","@graph":[{"@type":"WebPage","@id":"https:\/\/www.loteriamontserrat.com\/ca\/loteria-nacional-2\/","url":"https:\/\/www.loteriamontserrat.com\/ca\/loteria-nacional-2\/","name":"Loter\u00eda Nacional - Loter\u00eda Monserrat - Administraci\u00f3n N\u00ba8 Manresa","isPartOf":{"@id":"https:\/\/www.loteriamontserrat.com\/ca\/#website"},"primaryImageOfPage":{"@id":"https:\/\/www.loteriamontserrat.com\/ca\/loteria-nacional-2\/#primaryimage"},"image":{"@id":"https:\/\/www.loteriamontserrat.com\/ca\/loteria-nacional-2\/#primaryimage"},"thumbnailUrl":"https:\/\/www.loteriamontserrat.com\/wp-content\/uploads\/2025\/07\/loteria-nacional-banner.jpg","datePublished":"2025-07-28T21:05:51+00:00","dateModified":"2025-10-30T20:28:48+00:00","description":"Loter\u00eda Monserrat - Administraci\u00f3n N\u00ba8 Manresa. Loteria nacional escull el teu n\u00famero i guanya el teu premi. Consulta els diferents sortejos","breadcrumb":{"@id":"https:\/\/www.loteriamontserrat.com\/ca\/loteria-nacional-2\/#breadcrumb"},"inLanguage":"ca","potentialAction":[{"@type":"ReadAction","target":["https:\/\/www.loteriamontserrat.com\/ca\/loteria-nacional-2\/"]}]},{"@type":"ImageObject","inLanguage":"ca","@id":"https:\/\/www.loteriamontserrat.com\/ca\/loteria-nacional-2\/#primaryimage","url":"https:\/\/www.loteriamontserrat.com\/wp-content\/uploads\/2025\/07\/loteria-nacional-banner.jpg","contentUrl":"https:\/\/www.loteriamontserrat.com\/wp-content\/uploads\/2025\/07\/loteria-nacional-banner.jpg"},{"@type":"BreadcrumbList","@id":"https:\/\/www.loteriamontserrat.com\/ca\/loteria-nacional-2\/#breadcrumb","itemListElement":[{"@type":"ListItem","position":1,"name":"Home","item":"https:\/\/www.loteriamontserrat.com\/ca\/home-2\/"},{"@type":"ListItem","position":2,"name":"Loter\u00eda Nacional"}]},{"@type":"WebSite","@id":"https:\/\/www.loteriamontserrat.com\/ca\/#website","url":"https:\/\/www.loteriamontserrat.com\/ca\/","name":"Loter\u00eda Monserrat","description":"Administraci\u00f3n N\u00ba8 Manresa","publisher":{"@id":"https:\/\/www.loteriamontserrat.com\/ca\/#organization"},"potentialAction":[{"@type":"SearchAction","target":{"@type":"EntryPoint","urlTemplate":"https:\/\/www.loteriamontserrat.com\/ca\/?s={search_term_string}"},"query-input":{"@type":"PropertyValueSpecification","valueRequired":true,"valueName":"search_term_string"}}],"inLanguage":"ca"},{"@type":"Organization","@id":"https:\/\/www.loteriamontserrat.com\/ca\/#organization","name":"Loter\u00eda Monserrat","url":"https:\/\/www.loteriamontserrat.com\/ca\/","logo":{"@type":"ImageObject","inLanguage":"ca","@id":"https:\/\/www.loteriamontserrat.com\/ca\/#\/schema\/logo\/image\/","url":"https:\/\/www.loteriamontserrat.com\/wp-content\/uploads\/2025\/07\/logo-loteria-monserrat-8-manset.png","contentUrl":"https:\/\/www.loteriamontserrat.com\/wp-content\/uploads\/2025\/07\/logo-loteria-monserrat-8-manset.png","width":513,"height":75,"caption":"Loter\u00eda Monserrat"},"image":{"@id":"https:\/\/www.loteriamontserrat.com\/ca\/#\/schema\/logo\/image\/"}}]}},"_links":{"self":[{"href":"https:\/\/www.loteriamontserrat.com\/ca\/wp-json\/wp\/v2\/pages\/32991","targetHints":{"allow":["GET"]}}],"collection":[{"href":"https:\/\/www.loteriamontserrat.com\/ca\/wp-json\/wp\/v2\/pages"}],"about":[{"href":"https:\/\/www.loteriamontserrat.com\/ca\/wp-json\/wp\/v2\/types\/page"}],"author":[{"embeddable":true,"href":"https:\/\/www.loteriamontserrat.com\/ca\/wp-json\/wp\/v2\/users\/12"}],"replies":[{"embeddable":true,"href":"https:\/\/www.loteriamontserrat.com\/ca\/wp-json\/wp\/v2\/comments?post=32991"}],"version-history":[{"count":3,"href":"https:\/\/www.loteriamontserrat.com\/ca\/wp-json\/wp\/v2\/pages\/32991\/revisions"}],"predecessor-version":[{"id":33034,"href":"https:\/\/www.loteriamontserrat.com\/ca\/wp-json\/wp\/v2\/pages\/32991\/revisions\/33034"}],"wp:attachment":[{"href":"https:\/\/www.loteriamontserrat.com\/ca\/wp-json\/wp\/v2\/media?parent=32991"}],"curies":[{"name":"wp","href":"https:\/\/api.w.org\/{rel}","templated":true}]}}