{"id":32985,"date":"2020-10-11T17:21:15","date_gmt":"2020-10-11T15:21:15","guid":{"rendered":"https:\/\/www.loteriamontserrat.com\/enviaments-i-pagaments\/"},"modified":"2025-10-30T21:30:37","modified_gmt":"2025-10-30T20:30:37","slug":"enviaments-i-pagaments","status":"publish","type":"page","link":"https:\/\/www.loteriamontserrat.com\/ca\/enviaments-i-pagaments\/","title":{"rendered":"Enviaments i pagaments"},"content":{"rendered":"\n<p class=\"has-text-align-center\"><strong>Queda totalment prohibit el joc en l\u00ednia per a menors d&#8217;edat.<\/strong><\/p>\n\n<p class=\"h4 mt-4 pt-2 mb-3\">Les nostres dades<\/p>\n\n<p>Titular del domini web: Loter\u00eda Montserrat S.L.<\/p>\n\n<p>Domicili: C.C. Carrefour Manresa.C\\ Alvar Alto S\/N. 08240 Manresa (Barcelona)<\/p>\n\n<p>NIF: B67242081<\/p>\n\n<hr class=\"wp-block-separator has-css-opacity\"\/>\n\n<p class=\"h4 mt-4 pt-2 mb-3\">Enviaments<\/p>\n\n<p>Des de www.loteriamontserrat.com posem a la vostra disposici\u00f3 tres formes d&#8217;enviament per adquirir-ne els d\u00e8cims:<\/p>\n\n<p>1r Enviament per empresa de missatgeria.<\/p>\n\n<p>2n Recollida al local de la nostra administraci\u00f3.<\/p>\n\n<p>3r Dip\u00f2sit a la nostra administraci\u00f3:<\/p>\n\n<p>El dip\u00f2sit <strong>en administraci\u00f3n<\/strong> de Loteries queda sota la cust\u00f2dia de l&#8217;administrador.<\/p>\n\n<p>En cas que fos premiat amb algun premi, ens posar\u00edem en contacte amb el guanyador des de l&#8217;administraci\u00f3 de loteries.<\/p>\n\n<p>La gesti\u00f3 del pagament es pot fer de dues maneres: a la finestreta de l&#8217;administraci\u00f3, oa trav\u00e9s de mitjans electr\u00f2nics com a pagament amb targeta o de transfer\u00e8ncia a un compte bancari. Per tant, tots s\u00f3n avantatges, la gesti\u00f3 es faria sense moure&#8217;s del seu h\u00e0bitat diari i sense p\u00e8rdua de temps. En altres paraules, estem a l&#8217;abast de la m\u00e0, a la tauleta, m\u00f2bil o l&#8217;ordinador.  <\/p>\n\n<p>I per acabar, si necessiteu algun aclariment no dubteu a contactar amb nosaltres<\/p>\n\n<hr class=\"wp-block-separator has-css-opacity\"\/>\n\n<p class=\"h4 mt-4 pt-2 mb-3\">Pagaments<\/p>\n\n<p>Per realitzar la compra podreu utilitzar dues formes de pagament:<\/p>\n\n<p>1r Transferencia bancaria. Una vez realizado el pedido recibir\u00e1 nuestro n\u00famero de cuenta para realizar la transferencia por el importe total. <\/p>\n\n<p>2n Pagament amb targeta de cr\u00e8dit Visa (no s&#8217;admet Mastercard) a trav\u00e9s de passarel\u00b7la segura de la nostra entitat.<\/p>\n\n<hr class=\"wp-block-separator has-css-opacity\"\/>\n\n<p class=\"h4 mt-4 pt-2 mb-3\">Cancel\u00b7lacions i devolucions.<\/p>\n\n<p>En cas de cancel\u00b7laci\u00f3 d&#8217;una compra, s&#8217;efectuar\u00e0 la devoluci\u00f3 de l&#8217;import sempre que no se n&#8217;hagi fet l&#8217;enviament. En cas que l&#8217;enviament s&#8217;hagi realitzat, no s&#8217;acceptar\u00e0 cap devoluci\u00f3. <\/p>\n\n<p>Si la compra queda en dip\u00f2sit o en recollida a ladministraci\u00f3, es podr\u00e0 cancel\u00b7lar com a m\u00e0xim fins a 48h despr\u00e9s de realitzar la compra i sempre que no shagi celebrat el sorteig al qual pertanyen els d\u00e8cims adquirits.<\/p>\n\n<p>En cas de reemborsament, l&#8217;import de la compra s&#8217;abonar\u00e0 \u00edntegre mitjan\u00e7ant el mateix m\u00e8tode utilitzat per al pagament en un per\u00edode de temps de 24\/48 hores.<\/p>\n","protected":false},"excerpt":{"rendered":"<p>Informaci\u00f3 [&#8230;]<\/p>\n<p><a class=\"btn btn-secondary understrap-read-more-link\" href=\"https:\/\/www.loteriamontserrat.com\/ca\/enviaments-i-pagaments\/\">Read More&#8230;<span class=\"screen-reader-text\"> from Enviaments i pagaments<\/span><\/a><\/p>\n","protected":false},"author":12,"featured_media":0,"parent":0,"menu_order":0,"comment_status":"closed","ping_status":"closed","template":"","meta":{"_acf_changed":false,"footnotes":""},"class_list":["post-32985","page","type-page","status-publish","hentry"],"acf":[],"yoast_head":"<!-- This site is optimized with the Yoast SEO plugin v25.4 - https:\/\/yoast.com\/wordpress\/plugins\/seo\/ -->\n<title>Enviaments i pagaments - Loter\u00eda Monserrat<\/title>\n<meta name=\"robots\" content=\"index, follow, max-snippet:-1, max-image-preview:large, max-video-preview:-1\" \/>\n<link rel=\"canonical\" href=\"https:\/\/www.loteriamontserrat.com\/ca\/enviaments-i-pagaments\/\" \/>\n<meta property=\"og:locale\" content=\"ca_ES\" \/>\n<meta property=\"og:type\" content=\"article\" \/>\n<meta property=\"og:title\" content=\"Enviaments i pagaments - Loter\u00eda Monserrat\" \/>\n<meta property=\"og:description\" content=\"Informaci\u00f3 [...]Read More... from Enviaments i pagaments\" \/>\n<meta property=\"og:url\" content=\"https:\/\/www.loteriamontserrat.com\/ca\/enviaments-i-pagaments\/\" \/>\n<meta property=\"og:site_name\" content=\"Loter\u00eda Monserrat\" \/>\n<meta property=\"article:modified_time\" content=\"2025-10-30T20:30:37+00:00\" \/>\n<meta name=\"twitter:card\" content=\"summary_large_image\" \/>\n<meta name=\"twitter:label1\" content=\"Temps estimat de lectura\" \/>\n\t<meta name=\"twitter:data1\" content=\"2 minuts\" \/>\n<script type=\"application\/ld+json\" class=\"yoast-schema-graph\">{\"@context\":\"https:\/\/schema.org\",\"@graph\":[{\"@type\":\"WebPage\",\"@id\":\"https:\/\/www.loteriamontserrat.com\/ca\/enviaments-i-pagaments\/\",\"url\":\"https:\/\/www.loteriamontserrat.com\/ca\/enviaments-i-pagaments\/\",\"name\":\"Enviaments i pagaments - Loter\u00eda Monserrat\",\"isPartOf\":{\"@id\":\"https:\/\/www.loteriamontserrat.com\/ca\/#website\"},\"datePublished\":\"2020-10-11T15:21:15+00:00\",\"dateModified\":\"2025-10-30T20:30:37+00:00\",\"breadcrumb\":{\"@id\":\"https:\/\/www.loteriamontserrat.com\/ca\/enviaments-i-pagaments\/#breadcrumb\"},\"inLanguage\":\"ca\",\"potentialAction\":[{\"@type\":\"ReadAction\",\"target\":[\"https:\/\/www.loteriamontserrat.com\/ca\/enviaments-i-pagaments\/\"]}]},{\"@type\":\"BreadcrumbList\",\"@id\":\"https:\/\/www.loteriamontserrat.com\/ca\/enviaments-i-pagaments\/#breadcrumb\",\"itemListElement\":[{\"@type\":\"ListItem\",\"position\":1,\"name\":\"Home\",\"item\":\"https:\/\/www.loteriamontserrat.com\/ca\/home-2\/\"},{\"@type\":\"ListItem\",\"position\":2,\"name\":\"Enviaments i pagaments\"}]},{\"@type\":\"WebSite\",\"@id\":\"https:\/\/www.loteriamontserrat.com\/ca\/#website\",\"url\":\"https:\/\/www.loteriamontserrat.com\/ca\/\",\"name\":\"Loter\u00eda Monserrat\",\"description\":\"Administraci\u00f3n N\u00ba8 Manresa\",\"publisher\":{\"@id\":\"https:\/\/www.loteriamontserrat.com\/ca\/#organization\"},\"potentialAction\":[{\"@type\":\"SearchAction\",\"target\":{\"@type\":\"EntryPoint\",\"urlTemplate\":\"https:\/\/www.loteriamontserrat.com\/ca\/?s={search_term_string}\"},\"query-input\":{\"@type\":\"PropertyValueSpecification\",\"valueRequired\":true,\"valueName\":\"search_term_string\"}}],\"inLanguage\":\"ca\"},{\"@type\":\"Organization\",\"@id\":\"https:\/\/www.loteriamontserrat.com\/ca\/#organization\",\"name\":\"Loter\u00eda Monserrat\",\"url\":\"https:\/\/www.loteriamontserrat.com\/ca\/\",\"logo\":{\"@type\":\"ImageObject\",\"inLanguage\":\"ca\",\"@id\":\"https:\/\/www.loteriamontserrat.com\/ca\/#\/schema\/logo\/image\/\",\"url\":\"https:\/\/www.loteriamontserrat.com\/wp-content\/uploads\/2025\/07\/logo-loteria-monserrat-8-manset.png\",\"contentUrl\":\"https:\/\/www.loteriamontserrat.com\/wp-content\/uploads\/2025\/07\/logo-loteria-monserrat-8-manset.png\",\"width\":513,\"height\":75,\"caption\":\"Loter\u00eda Monserrat\"},\"image\":{\"@id\":\"https:\/\/www.loteriamontserrat.com\/ca\/#\/schema\/logo\/image\/\"}}]}<\/script>\n<!-- \/ Yoast SEO plugin. -->","yoast_head_json":{"title":"Enviaments i pagaments - Loter\u00eda Monserrat","robots":{"index":"index","follow":"follow","max-snippet":"max-snippet:-1","max-image-preview":"max-image-preview:large","max-video-preview":"max-video-preview:-1"},"canonical":"https:\/\/www.loteriamontserrat.com\/ca\/enviaments-i-pagaments\/","og_locale":"ca_ES","og_type":"article","og_title":"Enviaments i pagaments - Loter\u00eda Monserrat","og_description":"Informaci\u00f3 [...]Read More... from Enviaments i pagaments","og_url":"https:\/\/www.loteriamontserrat.com\/ca\/enviaments-i-pagaments\/","og_site_name":"Loter\u00eda Monserrat","article_modified_time":"2025-10-30T20:30:37+00:00","twitter_card":"summary_large_image","twitter_misc":{"Temps estimat de lectura":"2 minuts"},"schema":{"@context":"https:\/\/schema.org","@graph":[{"@type":"WebPage","@id":"https:\/\/www.loteriamontserrat.com\/ca\/enviaments-i-pagaments\/","url":"https:\/\/www.loteriamontserrat.com\/ca\/enviaments-i-pagaments\/","name":"Enviaments i pagaments - Loter\u00eda Monserrat","isPartOf":{"@id":"https:\/\/www.loteriamontserrat.com\/ca\/#website"},"datePublished":"2020-10-11T15:21:15+00:00","dateModified":"2025-10-30T20:30:37+00:00","breadcrumb":{"@id":"https:\/\/www.loteriamontserrat.com\/ca\/enviaments-i-pagaments\/#breadcrumb"},"inLanguage":"ca","potentialAction":[{"@type":"ReadAction","target":["https:\/\/www.loteriamontserrat.com\/ca\/enviaments-i-pagaments\/"]}]},{"@type":"BreadcrumbList","@id":"https:\/\/www.loteriamontserrat.com\/ca\/enviaments-i-pagaments\/#breadcrumb","itemListElement":[{"@type":"ListItem","position":1,"name":"Home","item":"https:\/\/www.loteriamontserrat.com\/ca\/home-2\/"},{"@type":"ListItem","position":2,"name":"Enviaments i pagaments"}]},{"@type":"WebSite","@id":"https:\/\/www.loteriamontserrat.com\/ca\/#website","url":"https:\/\/www.loteriamontserrat.com\/ca\/","name":"Loter\u00eda Monserrat","description":"Administraci\u00f3n N\u00ba8 Manresa","publisher":{"@id":"https:\/\/www.loteriamontserrat.com\/ca\/#organization"},"potentialAction":[{"@type":"SearchAction","target":{"@type":"EntryPoint","urlTemplate":"https:\/\/www.loteriamontserrat.com\/ca\/?s={search_term_string}"},"query-input":{"@type":"PropertyValueSpecification","valueRequired":true,"valueName":"search_term_string"}}],"inLanguage":"ca"},{"@type":"Organization","@id":"https:\/\/www.loteriamontserrat.com\/ca\/#organization","name":"Loter\u00eda Monserrat","url":"https:\/\/www.loteriamontserrat.com\/ca\/","logo":{"@type":"ImageObject","inLanguage":"ca","@id":"https:\/\/www.loteriamontserrat.com\/ca\/#\/schema\/logo\/image\/","url":"https:\/\/www.loteriamontserrat.com\/wp-content\/uploads\/2025\/07\/logo-loteria-monserrat-8-manset.png","contentUrl":"https:\/\/www.loteriamontserrat.com\/wp-content\/uploads\/2025\/07\/logo-loteria-monserrat-8-manset.png","width":513,"height":75,"caption":"Loter\u00eda Monserrat"},"image":{"@id":"https:\/\/www.loteriamontserrat.com\/ca\/#\/schema\/logo\/image\/"}}]}},"_links":{"self":[{"href":"https:\/\/www.loteriamontserrat.com\/ca\/wp-json\/wp\/v2\/pages\/32985","targetHints":{"allow":["GET"]}}],"collection":[{"href":"https:\/\/www.loteriamontserrat.com\/ca\/wp-json\/wp\/v2\/pages"}],"about":[{"href":"https:\/\/www.loteriamontserrat.com\/ca\/wp-json\/wp\/v2\/types\/page"}],"author":[{"embeddable":true,"href":"https:\/\/www.loteriamontserrat.com\/ca\/wp-json\/wp\/v2\/users\/12"}],"replies":[{"embeddable":true,"href":"https:\/\/www.loteriamontserrat.com\/ca\/wp-json\/wp\/v2\/comments?post=32985"}],"version-history":[{"count":5,"href":"https:\/\/www.loteriamontserrat.com\/ca\/wp-json\/wp\/v2\/pages\/32985\/revisions"}],"predecessor-version":[{"id":33036,"href":"https:\/\/www.loteriamontserrat.com\/ca\/wp-json\/wp\/v2\/pages\/32985\/revisions\/33036"}],"wp:attachment":[{"href":"https:\/\/www.loteriamontserrat.com\/ca\/wp-json\/wp\/v2\/media?parent=32985"}],"curies":[{"name":"wp","href":"https:\/\/api.w.org\/{rel}","templated":true}]}}