{"id":32966,"date":"2023-08-16T14:14:36","date_gmt":"2023-08-16T12:14:36","guid":{"rendered":"https:\/\/www.loteriamontserrat.com\/comprar-loteria-2\/"},"modified":"2025-10-30T15:47:38","modified_gmt":"2025-10-30T14:47:38","slug":"comprar-loteria-2","status":"publish","type":"page","link":"https:\/\/www.loteriamontserrat.com\/ca\/comprar-loteria-2\/","title":{"rendered":"Comprar loter\u00eda"},"content":{"rendered":"\n<p><strong>Fem enviaments cada dimarts <\/strong><br\/>Si fas la teva comanda abans de dimarts, ho vam enviar aquest mateix dia.<br\/>Les comandes que arribin despr\u00e9s es prepararan per al dimarts seg\u00fcent. Gr\u00e0cies per la teva paci\u00e8ncia!<\/p>\n<div class=\"store \">\n    <div class=\"input-group input-group-lg block-search\">\n\n    <div class=\"input-group-prepend rounded-sm\" data-toggle=\"tooltip\" data-placement=\"bottom\" title=\"Filtrar d\u00e8cims\">\n        <button\n                class=\"filter-categories btn btn-outline-primary d-lg-none\"\n                data-toggle=\"collapse\"\n                data-target=\"#collapseCategories\"\n                aria-expanded=\"false\"\n                aria-controls=\"collapseCategories\"\n                aria-label=\"Mostrar i amagar filtres\"\n                type=\"button\"\n        >\n            <i class=\"fas fa-filter\"><\/i>\n        <\/button>\n    <\/div>\n\n    <div class=\"input-group-prepend rounded-sm\" data-toggle=\"tooltip\" data-placement=\"bottom\" title=\"Tindr\u00e9 sort\">\n        <button\n                class=\"btn btn-outline-primary js-search-numbers luck-search\"\n                type=\"button\"\n                aria-label=\"Generar n\u00fameros aleatoris\"\n                onclick=\"getLuck(event, 0, 13026)\"\n        >\n            <i class=\"fas fa-dice\"><\/i>\n        <\/button>\n    <\/div>\n\n    <input\n      type=\"search\"\n      id=\"js-number\"\n      class=\"form-control\"\n      placeholder=\"N\u00ba o Terminaci\u00f3\"\n      aria-label=\"N\u00famero a cercar\"\n      onkeypress=\"if (event.keyCode === 13) { searchNumbers(event, 0, 13026); }\"\n    >\n    <div class=\"input-group-append rounded-sm\" data-toggle=\"tooltip\" data-placement=\"bottom\" title=\"Busca la teva sort\">\n        <button\n            class=\"btn btn-outline-primary js-search-numbers\"\n            type=\"button\"\n            aria-label=\"Buscar n\u00famero\"\n            onclick=\"searchNumbers(event, 0, 13026)\"\n        >\n            <i class=\"fas fa-search\"><\/i>\n        <\/button>\n    <\/div>\n<\/div>\n            <p class=\"no-found\"> No s'han trobat productes, intenta-ho m\u00e9s tard<\/p>\n    <\/div>\n<div\n  class=\"modal fade\"\n  id=\"successCartModal\"\n  tabindex=\"-1\"\n  role=\"dialog\"\n  aria-hidden=\"true\"\n>\n  <div class=\"modal-dialog\" role=\"document\">\n    <div class=\"modal-content\">\n      <div class=\"modal-header\">\n        <div class=\"modal-title\">Des\u00e8 afegit a la cistella<\/div>\n        <button type=\"button\" class=\"close\" data-dismiss=\"modal\" aria-label=\"Close\">\n          <span aria-hidden=\"true\">&times;<\/span>\n        <\/button>\n      <\/div>\n      <div class=\"modal-body\">\n          Voleu continuar navegant o preferiu veure la vostra cistella?      <\/div>\n      <div class=\"modal-footer\">\n        <button type=\"button\" class=\"btn btn-light rounded\" data-dismiss=\"modal\">Acceptar<\/button>\n        <a href=\"https:\/\/www.loteriamontserrat.com\/cart\/\" type=\"button\" class=\"btn btn-primary rounded\">Cistella<\/a>\n      <\/div>\n    <\/div>\n  <\/div>\n<\/div><div\n  class=\"modal fade\"\n  id=\"errorCartModal\"\n  tabindex=\"-1\"\n  role=\"dialog\"\n  aria-hidden=\"true\"\n>\n  <div class=\"modal-dialog\" role=\"document\">\n    <div class=\"modal-content\">\n      <div class=\"modal-header\">\n        <div class=\"modal-title\">Error<\/div>\n        <button type=\"button\" class=\"close\" data-dismiss=\"modal\" aria-label=\"Close\">\n          <span aria-hidden=\"true\">&times;<\/span>\n        <\/button>\n      <\/div>\n      <div class=\"modal-body\">\n          Hi ha hagut un problema a la compra. Si us plau intenteu-ho m\u00e9s tard      <\/div>\n      <div class=\"modal-footer\">\n        <button type=\"button\" class=\"btn btn-light rounded\" data-dismiss=\"modal\">Acceptar<\/button>\n      <\/div>\n    <\/div>\n  <\/div>\n<\/div>\n","protected":false},"excerpt":{"rendered":"<p>&nbsp; [&#8230;]<\/p>\n<p><a class=\"btn btn-secondary understrap-read-more-link\" href=\"https:\/\/www.loteriamontserrat.com\/ca\/comprar-loteria-2\/\">Read More&#8230;<span class=\"screen-reader-text\"> from Comprar loter\u00eda<\/span><\/a><\/p>\n","protected":false},"author":12,"featured_media":0,"parent":0,"menu_order":0,"comment_status":"closed","ping_status":"closed","template":"","meta":{"_acf_changed":false,"footnotes":""},"class_list":["post-32966","page","type-page","status-publish","hentry"],"acf":[],"yoast_head":"<!-- This site is optimized with the Yoast SEO plugin v25.4 - https:\/\/yoast.com\/wordpress\/plugins\/seo\/ -->\n<title>Comprar loter\u00eda - Loter\u00eda Monserrat - Administraci\u00f3n N\u00ba8 Manresa<\/title>\n<meta name=\"description\" content=\"Loter\u00eda Monserrat - Administraci\u00f3n N\u00ba8 Manresa. Loteria Nacional, busques la teva sort? escull el teu n\u00famero i fes realitat els teus somnis Sort !!!\" \/>\n<meta name=\"robots\" content=\"index, follow, max-snippet:-1, max-image-preview:large, max-video-preview:-1\" \/>\n<link rel=\"canonical\" href=\"https:\/\/www.loteriamontserrat.com\/ca\/comprar-loteria-2\/\" \/>\n<meta property=\"og:locale\" content=\"ca_ES\" \/>\n<meta property=\"og:type\" content=\"article\" \/>\n<meta property=\"og:title\" content=\"Comprar loter\u00eda - Loter\u00eda Monserrat - Administraci\u00f3n N\u00ba8 Manresa\" \/>\n<meta property=\"og:description\" content=\"Loter\u00eda Monserrat - Administraci\u00f3n N\u00ba8 Manresa. Loteria Nacional, busques la teva sort? escull el teu n\u00famero i fes realitat els teus somnis Sort !!!\" \/>\n<meta property=\"og:url\" content=\"https:\/\/www.loteriamontserrat.com\/ca\/comprar-loteria-2\/\" \/>\n<meta property=\"og:site_name\" content=\"Loter\u00eda Monserrat\" \/>\n<meta property=\"article:modified_time\" content=\"2025-10-30T14:47:38+00:00\" \/>\n<meta name=\"twitter:card\" content=\"summary_large_image\" \/>\n<script type=\"application\/ld+json\" class=\"yoast-schema-graph\">{\"@context\":\"https:\/\/schema.org\",\"@graph\":[{\"@type\":\"WebPage\",\"@id\":\"https:\/\/www.loteriamontserrat.com\/ca\/comprar-loteria-2\/\",\"url\":\"https:\/\/www.loteriamontserrat.com\/ca\/comprar-loteria-2\/\",\"name\":\"Comprar loter\u00eda - Loter\u00eda Monserrat - Administraci\u00f3n N\u00ba8 Manresa\",\"isPartOf\":{\"@id\":\"https:\/\/www.loteriamontserrat.com\/ca\/#website\"},\"datePublished\":\"2023-08-16T12:14:36+00:00\",\"dateModified\":\"2025-10-30T14:47:38+00:00\",\"description\":\"Loter\u00eda Monserrat - Administraci\u00f3n N\u00ba8 Manresa. Loteria Nacional, busques la teva sort? escull el teu n\u00famero i fes realitat els teus somnis Sort !!!\",\"breadcrumb\":{\"@id\":\"https:\/\/www.loteriamontserrat.com\/ca\/comprar-loteria-2\/#breadcrumb\"},\"inLanguage\":\"ca\",\"potentialAction\":[{\"@type\":\"ReadAction\",\"target\":[\"https:\/\/www.loteriamontserrat.com\/ca\/comprar-loteria-2\/\"]}]},{\"@type\":\"BreadcrumbList\",\"@id\":\"https:\/\/www.loteriamontserrat.com\/ca\/comprar-loteria-2\/#breadcrumb\",\"itemListElement\":[{\"@type\":\"ListItem\",\"position\":1,\"name\":\"Home\",\"item\":\"https:\/\/www.loteriamontserrat.com\/ca\/home-2\/\"},{\"@type\":\"ListItem\",\"position\":2,\"name\":\"Comprar loter\u00eda\"}]},{\"@type\":\"WebSite\",\"@id\":\"https:\/\/www.loteriamontserrat.com\/ca\/#website\",\"url\":\"https:\/\/www.loteriamontserrat.com\/ca\/\",\"name\":\"Loter\u00eda Monserrat\",\"description\":\"Administraci\u00f3n N\u00ba8 Manresa\",\"publisher\":{\"@id\":\"https:\/\/www.loteriamontserrat.com\/ca\/#organization\"},\"potentialAction\":[{\"@type\":\"SearchAction\",\"target\":{\"@type\":\"EntryPoint\",\"urlTemplate\":\"https:\/\/www.loteriamontserrat.com\/ca\/?s={search_term_string}\"},\"query-input\":{\"@type\":\"PropertyValueSpecification\",\"valueRequired\":true,\"valueName\":\"search_term_string\"}}],\"inLanguage\":\"ca\"},{\"@type\":\"Organization\",\"@id\":\"https:\/\/www.loteriamontserrat.com\/ca\/#organization\",\"name\":\"Loter\u00eda Monserrat\",\"url\":\"https:\/\/www.loteriamontserrat.com\/ca\/\",\"logo\":{\"@type\":\"ImageObject\",\"inLanguage\":\"ca\",\"@id\":\"https:\/\/www.loteriamontserrat.com\/ca\/#\/schema\/logo\/image\/\",\"url\":\"https:\/\/www.loteriamontserrat.com\/wp-content\/uploads\/2025\/07\/logo-loteria-monserrat-8-manset.png\",\"contentUrl\":\"https:\/\/www.loteriamontserrat.com\/wp-content\/uploads\/2025\/07\/logo-loteria-monserrat-8-manset.png\",\"width\":513,\"height\":75,\"caption\":\"Loter\u00eda Monserrat\"},\"image\":{\"@id\":\"https:\/\/www.loteriamontserrat.com\/ca\/#\/schema\/logo\/image\/\"}}]}<\/script>\n<!-- \/ Yoast SEO plugin. -->","yoast_head_json":{"title":"Comprar loter\u00eda - Loter\u00eda Monserrat - Administraci\u00f3n N\u00ba8 Manresa","description":"Loter\u00eda Monserrat - Administraci\u00f3n N\u00ba8 Manresa. Loteria Nacional, busques la teva sort? escull el teu n\u00famero i fes realitat els teus somnis Sort !!!","robots":{"index":"index","follow":"follow","max-snippet":"max-snippet:-1","max-image-preview":"max-image-preview:large","max-video-preview":"max-video-preview:-1"},"canonical":"https:\/\/www.loteriamontserrat.com\/ca\/comprar-loteria-2\/","og_locale":"ca_ES","og_type":"article","og_title":"Comprar loter\u00eda - Loter\u00eda Monserrat - Administraci\u00f3n N\u00ba8 Manresa","og_description":"Loter\u00eda Monserrat - Administraci\u00f3n N\u00ba8 Manresa. Loteria Nacional, busques la teva sort? escull el teu n\u00famero i fes realitat els teus somnis Sort !!!","og_url":"https:\/\/www.loteriamontserrat.com\/ca\/comprar-loteria-2\/","og_site_name":"Loter\u00eda Monserrat","article_modified_time":"2025-10-30T14:47:38+00:00","twitter_card":"summary_large_image","schema":{"@context":"https:\/\/schema.org","@graph":[{"@type":"WebPage","@id":"https:\/\/www.loteriamontserrat.com\/ca\/comprar-loteria-2\/","url":"https:\/\/www.loteriamontserrat.com\/ca\/comprar-loteria-2\/","name":"Comprar loter\u00eda - Loter\u00eda Monserrat - Administraci\u00f3n N\u00ba8 Manresa","isPartOf":{"@id":"https:\/\/www.loteriamontserrat.com\/ca\/#website"},"datePublished":"2023-08-16T12:14:36+00:00","dateModified":"2025-10-30T14:47:38+00:00","description":"Loter\u00eda Monserrat - Administraci\u00f3n N\u00ba8 Manresa. Loteria Nacional, busques la teva sort? escull el teu n\u00famero i fes realitat els teus somnis Sort !!!","breadcrumb":{"@id":"https:\/\/www.loteriamontserrat.com\/ca\/comprar-loteria-2\/#breadcrumb"},"inLanguage":"ca","potentialAction":[{"@type":"ReadAction","target":["https:\/\/www.loteriamontserrat.com\/ca\/comprar-loteria-2\/"]}]},{"@type":"BreadcrumbList","@id":"https:\/\/www.loteriamontserrat.com\/ca\/comprar-loteria-2\/#breadcrumb","itemListElement":[{"@type":"ListItem","position":1,"name":"Home","item":"https:\/\/www.loteriamontserrat.com\/ca\/home-2\/"},{"@type":"ListItem","position":2,"name":"Comprar loter\u00eda"}]},{"@type":"WebSite","@id":"https:\/\/www.loteriamontserrat.com\/ca\/#website","url":"https:\/\/www.loteriamontserrat.com\/ca\/","name":"Loter\u00eda Monserrat","description":"Administraci\u00f3n N\u00ba8 Manresa","publisher":{"@id":"https:\/\/www.loteriamontserrat.com\/ca\/#organization"},"potentialAction":[{"@type":"SearchAction","target":{"@type":"EntryPoint","urlTemplate":"https:\/\/www.loteriamontserrat.com\/ca\/?s={search_term_string}"},"query-input":{"@type":"PropertyValueSpecification","valueRequired":true,"valueName":"search_term_string"}}],"inLanguage":"ca"},{"@type":"Organization","@id":"https:\/\/www.loteriamontserrat.com\/ca\/#organization","name":"Loter\u00eda Monserrat","url":"https:\/\/www.loteriamontserrat.com\/ca\/","logo":{"@type":"ImageObject","inLanguage":"ca","@id":"https:\/\/www.loteriamontserrat.com\/ca\/#\/schema\/logo\/image\/","url":"https:\/\/www.loteriamontserrat.com\/wp-content\/uploads\/2025\/07\/logo-loteria-monserrat-8-manset.png","contentUrl":"https:\/\/www.loteriamontserrat.com\/wp-content\/uploads\/2025\/07\/logo-loteria-monserrat-8-manset.png","width":513,"height":75,"caption":"Loter\u00eda Monserrat"},"image":{"@id":"https:\/\/www.loteriamontserrat.com\/ca\/#\/schema\/logo\/image\/"}}]}},"_links":{"self":[{"href":"https:\/\/www.loteriamontserrat.com\/ca\/wp-json\/wp\/v2\/pages\/32966","targetHints":{"allow":["GET"]}}],"collection":[{"href":"https:\/\/www.loteriamontserrat.com\/ca\/wp-json\/wp\/v2\/pages"}],"about":[{"href":"https:\/\/www.loteriamontserrat.com\/ca\/wp-json\/wp\/v2\/types\/page"}],"author":[{"embeddable":true,"href":"https:\/\/www.loteriamontserrat.com\/ca\/wp-json\/wp\/v2\/users\/12"}],"replies":[{"embeddable":true,"href":"https:\/\/www.loteriamontserrat.com\/ca\/wp-json\/wp\/v2\/comments?post=32966"}],"version-history":[{"count":1,"href":"https:\/\/www.loteriamontserrat.com\/ca\/wp-json\/wp\/v2\/pages\/32966\/revisions"}],"predecessor-version":[{"id":32967,"href":"https:\/\/www.loteriamontserrat.com\/ca\/wp-json\/wp\/v2\/pages\/32966\/revisions\/32967"}],"wp:attachment":[{"href":"https:\/\/www.loteriamontserrat.com\/ca\/wp-json\/wp\/v2\/media?parent=32966"}],"curies":[{"name":"wp","href":"https:\/\/api.w.org\/{rel}","templated":true}]}}