{"id":32950,"date":"2023-03-23T11:32:53","date_gmt":"2023-03-23T10:32:53","guid":{"rendered":"https:\/\/www.loteriamontserrat.com\/avis-legal\/"},"modified":"2025-10-30T15:02:14","modified_gmt":"2025-10-30T14:02:14","slug":"avis-legal","status":"publish","type":"page","link":"https:\/\/www.loteriamontserrat.com\/ca\/avis-legal\/","title":{"rendered":"Av\u00eds legal"},"content":{"rendered":"\n<p>Loteria Montserrat S.L., responsable del lloc web, d&#8217;ara endavant RESPONSABLE, posa a disposici\u00f3 dels usuaris aquest document, amb el qual pret\u00e9n donar compliment a les obligacions disposades a la Llei 34\/2002, d&#8217;11 de juliol, de Serveis de la Societat de la Informaci\u00f3 i de Comer\u00e7 Electr\u00f2nic (LSSICE), aix\u00ed com informar a tots els usuaris del lloc web.<\/p>\n\n<p>Tota persona que accedeixi a aquest lloc web assumeix el paper d&#8217;usuari, comprometent-se a l&#8217;observan\u00e7a i el compliment rigor\u00f3s de les disposicions aqu\u00ed disposades, aix\u00ed com a qualsevol altra disposici\u00f3 legal que sigui aplicable.<\/p>\n\n<p>Loteria Montserrat S.L. es reserva el dret de modificar qualsevol tipus d&#8217;informaci\u00f3 que pogu\u00e9s apar\u00e8ixer al lloc web, sense que hi hagi obligaci\u00f3 de preavisar o posar en coneixement dels usuaris aquestes obligacions, entenent-se com a suficient amb la publicaci\u00f3 al lloc web https:\/\/www.loteriamontserrat.com\/<\/p>\n\n<p class=\"h4 mt-4 pt-2 mb-3\">1. DADES IDENTIFICATIVES<\/p>\n\n<p>Nom de domini: https:\/\/www.loteriamontserrat.com\/<\/p>\n\n<p>Denominaci\u00f3 social: Loteria Montserrat S.L.<\/p>\n\n<p>NIF: B67242081<\/p>\n\n<p>Domicili social: C.C. Carrefour Manresa.C\\ Alvar Aalto S\/N. 08240 Manresa (Barcelona)<\/p>\n\n<p>Tel\u00e8fon: <a href=\"tel:938773149\">938 77 31 49<\/a> \/ <a href=\"tel:606974680%20\">606 97 46 80 <\/a> <\/p>\n\n<p>E-mail: <a href=\"mailto:apuestas@loteriamontserrat.com\">apuestas@loteriamontserrat.com<\/a><\/p>\n\n<p class=\"h4 mt-4 pt-2 mb-3\">2. DRETS DE PROPIETAT INTEL\u00b7LECTUAL I INDUSTRIAL<\/p>\n\n<p>El lloc web, incloent-hi a t\u00edtol enunciatiu per\u00f2 no limitatiu la seva programaci\u00f3, edici\u00f3, compilaci\u00f3 i altres elements necessaris per al seu funcionament, els dissenys, logotips, text i\/o gr\u00e0fics, s\u00f3n propietat del RESPONSABLE o, si escau, disposa de llic\u00e8ncia o autoritzaci\u00f3 expressa per part dels autors.<\/p>\n\n<p>Independentment de la finalitat per a la qual fossin destinats, la reproducci\u00f3 total o parcial, \u00fas, explotaci\u00f3, distribuci\u00f3 i comercialitzaci\u00f3 requereix en tot cas l&#8217;autoritzaci\u00f3 escrita pr\u00e8via per part del RESPONSABLE. Qualsevol \u00fas no autoritzat pr\u00e8viament es considera un incompliment greu dels drets de propietat intel\u00b7lectual o industrial de lautor.<\/p>\n\n<p>Els dissenys, logotips, text i\/o gr\u00e0fics aliens al RESPONSABLE i que poguessin apar\u00e8ixer al lloc web, pertanyen als seus respectius propietaris, sent ells mateixos responsables de qualsevol possible controv\u00e8rsia que pogu\u00e9s suscitar-se respecte a aquests.<\/p>\n\n<p>El RESPONSABLE reconeix a favor dels seus titulars els corresponents drets de propietat intel\u00b7lectual i industrial, i no implica la seva sola menci\u00f3 o aparici\u00f3 al lloc web l&#8217;exist\u00e8ncia de drets o responsabilitat sobre aquests, com tampoc suport, patrocini o recomanaci\u00f3 per part del mateix.<\/p>\n\n<p>Per fer qualsevol tipus d&#8217;observaci\u00f3 respecte a possibles incompliments dels drets de propietat intel\u00b7lectual o industrial, aix\u00ed com sobre qualsevol dels continguts del lloc web, ho podeu fer a trav\u00e9s del correu electr\u00f2nic: <a href=\"mailto:apuestas@loteriamontserrat.com\">apuestas@loteriamontserrat.com<\/a><\/p>\n\n<p class=\"h4 mt-4 pt-2 mb-3\">3. EXEMPCI\u00d3 DE RESPONSABILITATS<\/p>\n\n<p>El RESPONSABLE s&#8217;eximeix de qualsevol tipus de responsabilitat derivada de la informaci\u00f3 publicada al vostre lloc web sempre que aquesta informaci\u00f3 hagi estat manipulada o introdu\u00efda per un tercer ali\u00e8 al mateix.<\/p>\n\n<p><strong>Pol\u00edtica d&#8217;enlla\u00e7os<\/strong><\/p>\n\n<p>Des del lloc web, \u00e9s possible que es redirigeixi a continguts de tercers llocs web. At\u00e8s que el RESPONSABLE no pot controlar sempre els continguts introdu\u00efts pels tercers als seus respectius llocs web, no assumeix cap tipus de responsabilitat respecte a aquests continguts. En tot cas, procedir\u00e0 a la retirada immediata de qualsevol contingut que pogu\u00e9s contravenir la legislaci\u00f3 nacional o internacional, la moral o l&#8217;ordre p\u00fablic, procedint a la retirada immediata de la redirecci\u00f3 a aquest lloc web, posant en coneixement de les autoritats competents el contingut en q\u00fcesti\u00f3.<\/p>\n\n<p>El RESPONSABLE no es fa responsable de la informaci\u00f3 i continguts emmagatzemats, a t\u00edtol enunciatiu per\u00f2 no limitatiu, en f\u00f2rums, xats, generadors de blocs, comentaris, xarxes socials o qualsevol altre mitj\u00e0 que permeti a tercers publicar continguts de forma independent a la p\u00e0gina web del RESPONSABLE. No obstant aix\u00f2, i en compliment del que disposen els articles 11 i 16 de la LSSICE, es posa a disposici\u00f3 de tots els usuaris, autoritats i forces de seguretat, col\u00b7laborant de manera activa en la retirada o, si escau, bloqueig de tots aquells continguts que puguin afectar o contravenir la legislaci\u00f3 nacional o internacional, els drets de tercers o la moral i l&#8217;ordre p\u00fablic. En cas que l&#8217;usuari consideri que hi ha al lloc web algun contingut que pogu\u00e9s ser susceptible d&#8217;aquesta classificaci\u00f3, es prega que ho notifiqui de manera immediata a l&#8217;administrador del lloc web.<\/p>\n\n<p class=\"h4 mt-4 pt-2 mb-3\">4. LLEI APLICABLE I JURISDICCI\u00d3<\/p>\n\n<p>Aquesta p\u00e0gina web est\u00e0 sotmesa a la legislaci\u00f3 espanyola i en cas de litigi o controv\u00e8rsia sorgida de l\u00fas daquesta p\u00e0gina web ambdues parts se sotmeten a la jurisdicci\u00f3 dels tribunals de la ciutat de Manresa (Espanya). Aquesta cl\u00e0usula de submissi\u00f3 expressa als tribunals de la ciutat de Manresa no ser\u00e0 aplicable per als sup\u00f2sits de litigi amb els usuaris del web que, segons la legislaci\u00f3 vigent, tinguin la condici\u00f3 de consumidors, cas en qu\u00e8 ambdues parts estaran sotmesos a la jurisdicci\u00f3 dels Jutjats i Tribunals de resid\u00e8ncia del consumidor. Aix\u00ed mateix, en aquests casos, el prestador i l&#8217;usuari poden sotmetre els seus conflictes als arbitratges previstos a la legislaci\u00f3 d&#8217;arbitratge i de defensa dels consumidors i usuaris, i als procediments de resoluci\u00f3 extrajudicial de conflictes que s&#8217;instaurin per mitj\u00e0 de codis de conducta o altres instruments d&#8217;autoregulaci\u00f3.<\/p>\n\n<p>En cas de no estar d&#8217;acord amb els productes o serveis contractats i ser un client pertanyent a la Uni\u00f3 Europea, excepte espanyol, podeu adre\u00e7ar-vos al seg\u00fcent enlla\u00e7 per formular la reclamaci\u00f3 oportuna: <a href=\"https:\/\/ec.europa.eu\/consumers\/odr\/\">https:\/\/ec.europa.eu\/consumers\/odr\/<\/a><\/p>\n","protected":false},"excerpt":{"rendered":"<p>Informaci\u00f3 [&#8230;]<\/p>\n<p><a class=\"btn btn-secondary understrap-read-more-link\" href=\"https:\/\/www.loteriamontserrat.com\/ca\/avis-legal\/\">Read More&#8230;<span class=\"screen-reader-text\"> from Av\u00eds legal<\/span><\/a><\/p>\n","protected":false},"author":12,"featured_media":0,"parent":0,"menu_order":0,"comment_status":"closed","ping_status":"closed","template":"","meta":{"_acf_changed":false,"footnotes":""},"class_list":["post-32950","page","type-page","status-publish","hentry"],"acf":[],"yoast_head":"<!-- This site is optimized with the Yoast SEO plugin v25.4 - https:\/\/yoast.com\/wordpress\/plugins\/seo\/ -->\n<title>Av\u00eds legal - Loter\u00eda Monserrat<\/title>\n<meta name=\"robots\" content=\"index, follow, max-snippet:-1, max-image-preview:large, max-video-preview:-1\" \/>\n<link rel=\"canonical\" href=\"https:\/\/www.loteriamontserrat.com\/ca\/avis-legal\/\" \/>\n<meta property=\"og:locale\" content=\"ca_ES\" \/>\n<meta property=\"og:type\" content=\"article\" \/>\n<meta property=\"og:title\" content=\"Av\u00eds legal - Loter\u00eda Monserrat\" \/>\n<meta property=\"og:description\" content=\"Informaci\u00f3 [...]Read More... from Av\u00eds legal\" \/>\n<meta property=\"og:url\" content=\"https:\/\/www.loteriamontserrat.com\/ca\/avis-legal\/\" \/>\n<meta property=\"og:site_name\" content=\"Loter\u00eda Monserrat\" \/>\n<meta property=\"article:modified_time\" content=\"2025-10-30T14:02:14+00:00\" \/>\n<meta name=\"twitter:card\" content=\"summary_large_image\" \/>\n<meta name=\"twitter:label1\" content=\"Temps estimat de lectura\" \/>\n\t<meta name=\"twitter:data1\" content=\"4 minuts\" \/>\n<script type=\"application\/ld+json\" class=\"yoast-schema-graph\">{\"@context\":\"https:\/\/schema.org\",\"@graph\":[{\"@type\":\"WebPage\",\"@id\":\"https:\/\/www.loteriamontserrat.com\/ca\/avis-legal\/\",\"url\":\"https:\/\/www.loteriamontserrat.com\/ca\/avis-legal\/\",\"name\":\"Av\u00eds legal - Loter\u00eda Monserrat\",\"isPartOf\":{\"@id\":\"https:\/\/www.loteriamontserrat.com\/ca\/#website\"},\"datePublished\":\"2023-03-23T10:32:53+00:00\",\"dateModified\":\"2025-10-30T14:02:14+00:00\",\"breadcrumb\":{\"@id\":\"https:\/\/www.loteriamontserrat.com\/ca\/avis-legal\/#breadcrumb\"},\"inLanguage\":\"ca\",\"potentialAction\":[{\"@type\":\"ReadAction\",\"target\":[\"https:\/\/www.loteriamontserrat.com\/ca\/avis-legal\/\"]}]},{\"@type\":\"BreadcrumbList\",\"@id\":\"https:\/\/www.loteriamontserrat.com\/ca\/avis-legal\/#breadcrumb\",\"itemListElement\":[{\"@type\":\"ListItem\",\"position\":1,\"name\":\"Home\",\"item\":\"https:\/\/www.loteriamontserrat.com\/ca\/home-2\/\"},{\"@type\":\"ListItem\",\"position\":2,\"name\":\"Av\u00eds legal\"}]},{\"@type\":\"WebSite\",\"@id\":\"https:\/\/www.loteriamontserrat.com\/ca\/#website\",\"url\":\"https:\/\/www.loteriamontserrat.com\/ca\/\",\"name\":\"Loter\u00eda Monserrat\",\"description\":\"Administraci\u00f3n N\u00ba8 Manresa\",\"publisher\":{\"@id\":\"https:\/\/www.loteriamontserrat.com\/ca\/#organization\"},\"potentialAction\":[{\"@type\":\"SearchAction\",\"target\":{\"@type\":\"EntryPoint\",\"urlTemplate\":\"https:\/\/www.loteriamontserrat.com\/ca\/?s={search_term_string}\"},\"query-input\":{\"@type\":\"PropertyValueSpecification\",\"valueRequired\":true,\"valueName\":\"search_term_string\"}}],\"inLanguage\":\"ca\"},{\"@type\":\"Organization\",\"@id\":\"https:\/\/www.loteriamontserrat.com\/ca\/#organization\",\"name\":\"Loter\u00eda Monserrat\",\"url\":\"https:\/\/www.loteriamontserrat.com\/ca\/\",\"logo\":{\"@type\":\"ImageObject\",\"inLanguage\":\"ca\",\"@id\":\"https:\/\/www.loteriamontserrat.com\/ca\/#\/schema\/logo\/image\/\",\"url\":\"https:\/\/www.loteriamontserrat.com\/wp-content\/uploads\/2025\/07\/logo-loteria-monserrat-8-manset.png\",\"contentUrl\":\"https:\/\/www.loteriamontserrat.com\/wp-content\/uploads\/2025\/07\/logo-loteria-monserrat-8-manset.png\",\"width\":513,\"height\":75,\"caption\":\"Loter\u00eda Monserrat\"},\"image\":{\"@id\":\"https:\/\/www.loteriamontserrat.com\/ca\/#\/schema\/logo\/image\/\"}}]}<\/script>\n<!-- \/ Yoast SEO plugin. -->","yoast_head_json":{"title":"Av\u00eds legal - Loter\u00eda Monserrat","robots":{"index":"index","follow":"follow","max-snippet":"max-snippet:-1","max-image-preview":"max-image-preview:large","max-video-preview":"max-video-preview:-1"},"canonical":"https:\/\/www.loteriamontserrat.com\/ca\/avis-legal\/","og_locale":"ca_ES","og_type":"article","og_title":"Av\u00eds legal - Loter\u00eda Monserrat","og_description":"Informaci\u00f3 [...]Read More... from Av\u00eds legal","og_url":"https:\/\/www.loteriamontserrat.com\/ca\/avis-legal\/","og_site_name":"Loter\u00eda Monserrat","article_modified_time":"2025-10-30T14:02:14+00:00","twitter_card":"summary_large_image","twitter_misc":{"Temps estimat de lectura":"4 minuts"},"schema":{"@context":"https:\/\/schema.org","@graph":[{"@type":"WebPage","@id":"https:\/\/www.loteriamontserrat.com\/ca\/avis-legal\/","url":"https:\/\/www.loteriamontserrat.com\/ca\/avis-legal\/","name":"Av\u00eds legal - Loter\u00eda Monserrat","isPartOf":{"@id":"https:\/\/www.loteriamontserrat.com\/ca\/#website"},"datePublished":"2023-03-23T10:32:53+00:00","dateModified":"2025-10-30T14:02:14+00:00","breadcrumb":{"@id":"https:\/\/www.loteriamontserrat.com\/ca\/avis-legal\/#breadcrumb"},"inLanguage":"ca","potentialAction":[{"@type":"ReadAction","target":["https:\/\/www.loteriamontserrat.com\/ca\/avis-legal\/"]}]},{"@type":"BreadcrumbList","@id":"https:\/\/www.loteriamontserrat.com\/ca\/avis-legal\/#breadcrumb","itemListElement":[{"@type":"ListItem","position":1,"name":"Home","item":"https:\/\/www.loteriamontserrat.com\/ca\/home-2\/"},{"@type":"ListItem","position":2,"name":"Av\u00eds legal"}]},{"@type":"WebSite","@id":"https:\/\/www.loteriamontserrat.com\/ca\/#website","url":"https:\/\/www.loteriamontserrat.com\/ca\/","name":"Loter\u00eda Monserrat","description":"Administraci\u00f3n N\u00ba8 Manresa","publisher":{"@id":"https:\/\/www.loteriamontserrat.com\/ca\/#organization"},"potentialAction":[{"@type":"SearchAction","target":{"@type":"EntryPoint","urlTemplate":"https:\/\/www.loteriamontserrat.com\/ca\/?s={search_term_string}"},"query-input":{"@type":"PropertyValueSpecification","valueRequired":true,"valueName":"search_term_string"}}],"inLanguage":"ca"},{"@type":"Organization","@id":"https:\/\/www.loteriamontserrat.com\/ca\/#organization","name":"Loter\u00eda Monserrat","url":"https:\/\/www.loteriamontserrat.com\/ca\/","logo":{"@type":"ImageObject","inLanguage":"ca","@id":"https:\/\/www.loteriamontserrat.com\/ca\/#\/schema\/logo\/image\/","url":"https:\/\/www.loteriamontserrat.com\/wp-content\/uploads\/2025\/07\/logo-loteria-monserrat-8-manset.png","contentUrl":"https:\/\/www.loteriamontserrat.com\/wp-content\/uploads\/2025\/07\/logo-loteria-monserrat-8-manset.png","width":513,"height":75,"caption":"Loter\u00eda Monserrat"},"image":{"@id":"https:\/\/www.loteriamontserrat.com\/ca\/#\/schema\/logo\/image\/"}}]}},"_links":{"self":[{"href":"https:\/\/www.loteriamontserrat.com\/ca\/wp-json\/wp\/v2\/pages\/32950","targetHints":{"allow":["GET"]}}],"collection":[{"href":"https:\/\/www.loteriamontserrat.com\/ca\/wp-json\/wp\/v2\/pages"}],"about":[{"href":"https:\/\/www.loteriamontserrat.com\/ca\/wp-json\/wp\/v2\/types\/page"}],"author":[{"embeddable":true,"href":"https:\/\/www.loteriamontserrat.com\/ca\/wp-json\/wp\/v2\/users\/12"}],"replies":[{"embeddable":true,"href":"https:\/\/www.loteriamontserrat.com\/ca\/wp-json\/wp\/v2\/comments?post=32950"}],"version-history":[{"count":1,"href":"https:\/\/www.loteriamontserrat.com\/ca\/wp-json\/wp\/v2\/pages\/32950\/revisions"}],"predecessor-version":[{"id":32951,"href":"https:\/\/www.loteriamontserrat.com\/ca\/wp-json\/wp\/v2\/pages\/32950\/revisions\/32951"}],"wp:attachment":[{"href":"https:\/\/www.loteriamontserrat.com\/ca\/wp-json\/wp\/v2\/media?parent=32950"}],"curies":[{"name":"wp","href":"https:\/\/api.w.org\/{rel}","templated":true}]}}