{"id":32943,"date":"2019-04-02T12:19:22","date_gmt":"2019-04-02T10:19:22","guid":{"rendered":"https:\/\/www.loteriamontserrat.com\/nuestra-administracion-2\/"},"modified":"2025-10-30T15:29:04","modified_gmt":"2025-10-30T14:29:04","slug":"la-nostra-administracio","status":"publish","type":"page","link":"https:\/\/www.loteriamontserrat.com\/ca\/la-nostra-administracio\/","title":{"rendered":"La nostra Administraci\u00f3"},"content":{"rendered":"\n<div class=\"wp-block-media-text alignwide is-stacked-on-mobile\"><figure class=\"wp-block-media-text__media\"><img loading=\"lazy\" decoding=\"async\" width=\"1024\" height=\"576\" src=\"https:\/\/www.loteriamontserrat.com\/wp-content\/uploads\/2025\/07\/fondo-cabecera-loteria-monserrat-8-manset-1024x576.jpg\" alt=\"\" class=\"wp-image-32693 size-full\" srcset=\"https:\/\/www.loteriamontserrat.com\/wp-content\/uploads\/2025\/07\/fondo-cabecera-loteria-monserrat-8-manset-1024x576.jpg 1024w, https:\/\/www.loteriamontserrat.com\/wp-content\/uploads\/2025\/07\/fondo-cabecera-loteria-monserrat-8-manset-300x169.jpg 300w, https:\/\/www.loteriamontserrat.com\/wp-content\/uploads\/2025\/07\/fondo-cabecera-loteria-monserrat-8-manset-768x432.jpg 768w, https:\/\/www.loteriamontserrat.com\/wp-content\/uploads\/2025\/07\/fondo-cabecera-loteria-monserrat-8-manset-1536x864.jpg 1536w, https:\/\/www.loteriamontserrat.com\/wp-content\/uploads\/2025\/07\/fondo-cabecera-loteria-monserrat-8-manset-600x338.jpg 600w, https:\/\/www.loteriamontserrat.com\/wp-content\/uploads\/2025\/07\/fondo-cabecera-loteria-monserrat-8-manset.jpg 1920w\" sizes=\"auto, (max-width: 1024px) 100vw, 1024px\" \/><\/figure><div class=\"wp-block-media-text__content\">\n<p style=\"font-size:18px\">L&#8217;administraci\u00f3 de loteries MONTSERRAT est\u00e0 situada al centre comercial Carrefour, a la ciutat de Manresa, capital de la comarca del Bages, el cor de Catalunya.<\/p>\n\n\n\n<p style=\"font-size:18px\">Amb una superf\u00edcie de 1.295,2 Km. quadrats, el Bages \u00e9s una de les zones pioneres de l&#8217;estat a la industrialitzaci\u00f3, a partir de les col\u00f2nies t\u00e8xtils establertes al llarg dels rius Cardener i Llobregat.<\/p>\n<\/div><\/div>\n\n<div style=\"height:100px\" aria-hidden=\"true\" class=\"wp-block-spacer\"><\/div>\n\n<div class=\"wp-block-media-text alignwide has-media-on-the-right is-stacked-on-mobile\"><div class=\"wp-block-media-text__content\">\n<p style=\"font-size:18px\">Al sud s&#8217;al\u00e7a el majestu\u00f3s mass\u00eds de Montserrat, meravella orogr\u00e0fica i centre espiritual del pa\u00eds, que va sorgir del mar fa deu milions d&#8217;anys, ia les entranyes es van obrir i buidar multitud de coves, augmentant si \u00e9s possible, la seva fama de Muntanya m\u00e0gica.<\/p>\n<\/div><figure class=\"wp-block-media-text__media\"><img loading=\"lazy\" decoding=\"async\" width=\"1024\" height=\"576\" src=\"https:\/\/www.loteriamontserrat.com\/wp-content\/uploads\/2025\/07\/fondo-cabecera-loteria-monserrat-8-manset-1024x576.jpg\" alt=\"\" class=\"wp-image-32693 size-full\" srcset=\"https:\/\/www.loteriamontserrat.com\/wp-content\/uploads\/2025\/07\/fondo-cabecera-loteria-monserrat-8-manset-1024x576.jpg 1024w, https:\/\/www.loteriamontserrat.com\/wp-content\/uploads\/2025\/07\/fondo-cabecera-loteria-monserrat-8-manset-300x169.jpg 300w, https:\/\/www.loteriamontserrat.com\/wp-content\/uploads\/2025\/07\/fondo-cabecera-loteria-monserrat-8-manset-768x432.jpg 768w, https:\/\/www.loteriamontserrat.com\/wp-content\/uploads\/2025\/07\/fondo-cabecera-loteria-monserrat-8-manset-1536x864.jpg 1536w, https:\/\/www.loteriamontserrat.com\/wp-content\/uploads\/2025\/07\/fondo-cabecera-loteria-monserrat-8-manset-600x338.jpg 600w, https:\/\/www.loteriamontserrat.com\/wp-content\/uploads\/2025\/07\/fondo-cabecera-loteria-monserrat-8-manset.jpg 1920w\" sizes=\"auto, (max-width: 1024px) 100vw, 1024px\" \/><\/figure><\/div>\n\n<div style=\"height:100px\" aria-hidden=\"true\" class=\"wp-block-spacer\"><\/div>\n\n<div class=\"wp-block-media-text alignwide is-stacked-on-mobile\"><figure class=\"wp-block-media-text__media\"><img loading=\"lazy\" decoding=\"async\" width=\"1024\" height=\"576\" src=\"https:\/\/www.loteriamontserrat.com\/wp-content\/uploads\/2025\/07\/fondo-cabecera-loteria-monserrat-8-manset-1024x576.jpg\" alt=\"\" class=\"wp-image-32693 size-full\" srcset=\"https:\/\/www.loteriamontserrat.com\/wp-content\/uploads\/2025\/07\/fondo-cabecera-loteria-monserrat-8-manset-1024x576.jpg 1024w, https:\/\/www.loteriamontserrat.com\/wp-content\/uploads\/2025\/07\/fondo-cabecera-loteria-monserrat-8-manset-300x169.jpg 300w, https:\/\/www.loteriamontserrat.com\/wp-content\/uploads\/2025\/07\/fondo-cabecera-loteria-monserrat-8-manset-768x432.jpg 768w, https:\/\/www.loteriamontserrat.com\/wp-content\/uploads\/2025\/07\/fondo-cabecera-loteria-monserrat-8-manset-1536x864.jpg 1536w, https:\/\/www.loteriamontserrat.com\/wp-content\/uploads\/2025\/07\/fondo-cabecera-loteria-monserrat-8-manset-600x338.jpg 600w, https:\/\/www.loteriamontserrat.com\/wp-content\/uploads\/2025\/07\/fondo-cabecera-loteria-monserrat-8-manset.jpg 1920w\" sizes=\"auto, (max-width: 1024px) 100vw, 1024px\" \/><\/figure><div class=\"wp-block-media-text__content\">\n<p style=\"font-size:18px\"><br\/>La muntanya, protegida de qualsevol tipus d\u00b4especulaci\u00f3, despr\u00e9s de la creaci\u00f3 del Parc Natural de la Muntanya de Montserrat, de 3.630 hect\u00e0rees, ofereix l\u00b4aspecte d\u00b4una serra monumental eri\u00e7ada d\u00b4infinits i capritxosos mon\u00f2lits que li donen un perfil que justifica el nom de Montserrat (muntanya serrada), que per les seves caracter\u00edstiques \u00e9s parad\u00eds d\u00b4escaladors, i de les seves caracter\u00edstiques \u00e9s parad\u00eds d\u00b4escaladors. Moreneta, talla rom\u00e0nica de fusta, policromada i daurada. <\/p>\n\n\n\n<p style=\"font-size:18px\">Una de les Verges m\u00e9s peculiars d Europa i patrona de Catalunya.<\/p>\n<\/div><\/div>\n","protected":false},"excerpt":{"rendered":"<p>Sobre el nostre establiment [&#8230;]<\/p>\n<p><a class=\"btn btn-secondary understrap-read-more-link\" href=\"https:\/\/www.loteriamontserrat.com\/ca\/la-nostra-administracio\/\">Read More&#8230;<span class=\"screen-reader-text\"> from La nostra Administraci\u00f3<\/span><\/a><\/p>\n","protected":false},"author":12,"featured_media":0,"parent":0,"menu_order":0,"comment_status":"closed","ping_status":"closed","template":"","meta":{"_acf_changed":false,"footnotes":""},"class_list":["post-32943","page","type-page","status-publish","hentry"],"acf":[],"yoast_head":"<!-- This site is optimized with the Yoast SEO plugin v25.4 - https:\/\/yoast.com\/wordpress\/plugins\/seo\/ -->\n<title>La nostra Administraci\u00f3 - Loter\u00eda Monserrat - Administraci\u00f3n N\u00ba8 Manresa<\/title>\n<meta name=\"description\" content=\"Loter\u00eda Monserrat - Administraci\u00f3n N\u00ba8 Manresa. Fa anys que repartim premis i regalem felicitat. Vine a con\u00e8ixer-nos.\" \/>\n<meta name=\"robots\" content=\"index, follow, max-snippet:-1, max-image-preview:large, max-video-preview:-1\" \/>\n<link rel=\"canonical\" href=\"https:\/\/www.loteriamontserrat.com\/ca\/la-nostra-administracio\/\" \/>\n<meta property=\"og:locale\" content=\"ca_ES\" \/>\n<meta property=\"og:type\" content=\"article\" \/>\n<meta property=\"og:title\" content=\"La nostra Administraci\u00f3 - Loter\u00eda Monserrat - Administraci\u00f3n N\u00ba8 Manresa\" \/>\n<meta property=\"og:description\" content=\"Loter\u00eda Monserrat - Administraci\u00f3n N\u00ba8 Manresa. Fa anys que repartim premis i regalem felicitat. Vine a con\u00e8ixer-nos.\" \/>\n<meta property=\"og:url\" content=\"https:\/\/www.loteriamontserrat.com\/ca\/la-nostra-administracio\/\" \/>\n<meta property=\"og:site_name\" content=\"Loter\u00eda Monserrat\" \/>\n<meta property=\"article:modified_time\" content=\"2025-10-30T14:29:04+00:00\" \/>\n<meta property=\"og:image\" content=\"https:\/\/www.loteriamontserrat.com\/wp-content\/uploads\/2025\/07\/fondo-cabecera-loteria-monserrat-8-manset.jpg\" \/>\n\t<meta property=\"og:image:width\" content=\"1920\" \/>\n\t<meta property=\"og:image:height\" content=\"1080\" \/>\n\t<meta property=\"og:image:type\" content=\"image\/jpeg\" \/>\n<meta name=\"twitter:card\" content=\"summary_large_image\" \/>\n<meta name=\"twitter:label1\" content=\"Temps estimat de lectura\" \/>\n\t<meta name=\"twitter:data1\" content=\"2 minuts\" \/>\n<script type=\"application\/ld+json\" class=\"yoast-schema-graph\">{\"@context\":\"https:\/\/schema.org\",\"@graph\":[{\"@type\":\"WebPage\",\"@id\":\"https:\/\/www.loteriamontserrat.com\/ca\/la-nostra-administracio\/\",\"url\":\"https:\/\/www.loteriamontserrat.com\/ca\/la-nostra-administracio\/\",\"name\":\"La nostra Administraci\u00f3 - Loter\u00eda Monserrat - Administraci\u00f3n N\u00ba8 Manresa\",\"isPartOf\":{\"@id\":\"https:\/\/www.loteriamontserrat.com\/ca\/#website\"},\"primaryImageOfPage\":{\"@id\":\"https:\/\/www.loteriamontserrat.com\/ca\/la-nostra-administracio\/#primaryimage\"},\"image\":{\"@id\":\"https:\/\/www.loteriamontserrat.com\/ca\/la-nostra-administracio\/#primaryimage\"},\"thumbnailUrl\":\"https:\/\/www.loteriamontserrat.com\/wp-content\/uploads\/2025\/07\/fondo-cabecera-loteria-monserrat-8-manset-1024x576.jpg\",\"datePublished\":\"2019-04-02T10:19:22+00:00\",\"dateModified\":\"2025-10-30T14:29:04+00:00\",\"description\":\"Loter\u00eda Monserrat - Administraci\u00f3n N\u00ba8 Manresa. Fa anys que repartim premis i regalem felicitat. Vine a con\u00e8ixer-nos.\",\"breadcrumb\":{\"@id\":\"https:\/\/www.loteriamontserrat.com\/ca\/la-nostra-administracio\/#breadcrumb\"},\"inLanguage\":\"ca\",\"potentialAction\":[{\"@type\":\"ReadAction\",\"target\":[\"https:\/\/www.loteriamontserrat.com\/ca\/la-nostra-administracio\/\"]}]},{\"@type\":\"ImageObject\",\"inLanguage\":\"ca\",\"@id\":\"https:\/\/www.loteriamontserrat.com\/ca\/la-nostra-administracio\/#primaryimage\",\"url\":\"https:\/\/www.loteriamontserrat.com\/wp-content\/uploads\/2025\/07\/fondo-cabecera-loteria-monserrat-8-manset-1024x576.jpg\",\"contentUrl\":\"https:\/\/www.loteriamontserrat.com\/wp-content\/uploads\/2025\/07\/fondo-cabecera-loteria-monserrat-8-manset-1024x576.jpg\"},{\"@type\":\"BreadcrumbList\",\"@id\":\"https:\/\/www.loteriamontserrat.com\/ca\/la-nostra-administracio\/#breadcrumb\",\"itemListElement\":[{\"@type\":\"ListItem\",\"position\":1,\"name\":\"Home\",\"item\":\"https:\/\/www.loteriamontserrat.com\/ca\/home-2\/\"},{\"@type\":\"ListItem\",\"position\":2,\"name\":\"La nostra Administraci\u00f3\"}]},{\"@type\":\"WebSite\",\"@id\":\"https:\/\/www.loteriamontserrat.com\/ca\/#website\",\"url\":\"https:\/\/www.loteriamontserrat.com\/ca\/\",\"name\":\"Loter\u00eda Monserrat\",\"description\":\"Administraci\u00f3n N\u00ba8 Manresa\",\"publisher\":{\"@id\":\"https:\/\/www.loteriamontserrat.com\/ca\/#organization\"},\"potentialAction\":[{\"@type\":\"SearchAction\",\"target\":{\"@type\":\"EntryPoint\",\"urlTemplate\":\"https:\/\/www.loteriamontserrat.com\/ca\/?s={search_term_string}\"},\"query-input\":{\"@type\":\"PropertyValueSpecification\",\"valueRequired\":true,\"valueName\":\"search_term_string\"}}],\"inLanguage\":\"ca\"},{\"@type\":\"Organization\",\"@id\":\"https:\/\/www.loteriamontserrat.com\/ca\/#organization\",\"name\":\"Loter\u00eda Monserrat\",\"url\":\"https:\/\/www.loteriamontserrat.com\/ca\/\",\"logo\":{\"@type\":\"ImageObject\",\"inLanguage\":\"ca\",\"@id\":\"https:\/\/www.loteriamontserrat.com\/ca\/#\/schema\/logo\/image\/\",\"url\":\"https:\/\/www.loteriamontserrat.com\/wp-content\/uploads\/2025\/07\/logo-loteria-monserrat-8-manset.png\",\"contentUrl\":\"https:\/\/www.loteriamontserrat.com\/wp-content\/uploads\/2025\/07\/logo-loteria-monserrat-8-manset.png\",\"width\":513,\"height\":75,\"caption\":\"Loter\u00eda Monserrat\"},\"image\":{\"@id\":\"https:\/\/www.loteriamontserrat.com\/ca\/#\/schema\/logo\/image\/\"}}]}<\/script>\n<!-- \/ Yoast SEO plugin. -->","yoast_head_json":{"title":"La nostra Administraci\u00f3 - Loter\u00eda Monserrat - Administraci\u00f3n N\u00ba8 Manresa","description":"Loter\u00eda Monserrat - Administraci\u00f3n N\u00ba8 Manresa. Fa anys que repartim premis i regalem felicitat. Vine a con\u00e8ixer-nos.","robots":{"index":"index","follow":"follow","max-snippet":"max-snippet:-1","max-image-preview":"max-image-preview:large","max-video-preview":"max-video-preview:-1"},"canonical":"https:\/\/www.loteriamontserrat.com\/ca\/la-nostra-administracio\/","og_locale":"ca_ES","og_type":"article","og_title":"La nostra Administraci\u00f3 - Loter\u00eda Monserrat - Administraci\u00f3n N\u00ba8 Manresa","og_description":"Loter\u00eda Monserrat - Administraci\u00f3n N\u00ba8 Manresa. Fa anys que repartim premis i regalem felicitat. Vine a con\u00e8ixer-nos.","og_url":"https:\/\/www.loteriamontserrat.com\/ca\/la-nostra-administracio\/","og_site_name":"Loter\u00eda Monserrat","article_modified_time":"2025-10-30T14:29:04+00:00","og_image":[{"width":1920,"height":1080,"url":"https:\/\/www.loteriamontserrat.com\/wp-content\/uploads\/2025\/07\/fondo-cabecera-loteria-monserrat-8-manset.jpg","type":"image\/jpeg"}],"twitter_card":"summary_large_image","twitter_misc":{"Temps estimat de lectura":"2 minuts"},"schema":{"@context":"https:\/\/schema.org","@graph":[{"@type":"WebPage","@id":"https:\/\/www.loteriamontserrat.com\/ca\/la-nostra-administracio\/","url":"https:\/\/www.loteriamontserrat.com\/ca\/la-nostra-administracio\/","name":"La nostra Administraci\u00f3 - Loter\u00eda Monserrat - Administraci\u00f3n N\u00ba8 Manresa","isPartOf":{"@id":"https:\/\/www.loteriamontserrat.com\/ca\/#website"},"primaryImageOfPage":{"@id":"https:\/\/www.loteriamontserrat.com\/ca\/la-nostra-administracio\/#primaryimage"},"image":{"@id":"https:\/\/www.loteriamontserrat.com\/ca\/la-nostra-administracio\/#primaryimage"},"thumbnailUrl":"https:\/\/www.loteriamontserrat.com\/wp-content\/uploads\/2025\/07\/fondo-cabecera-loteria-monserrat-8-manset-1024x576.jpg","datePublished":"2019-04-02T10:19:22+00:00","dateModified":"2025-10-30T14:29:04+00:00","description":"Loter\u00eda Monserrat - Administraci\u00f3n N\u00ba8 Manresa. Fa anys que repartim premis i regalem felicitat. Vine a con\u00e8ixer-nos.","breadcrumb":{"@id":"https:\/\/www.loteriamontserrat.com\/ca\/la-nostra-administracio\/#breadcrumb"},"inLanguage":"ca","potentialAction":[{"@type":"ReadAction","target":["https:\/\/www.loteriamontserrat.com\/ca\/la-nostra-administracio\/"]}]},{"@type":"ImageObject","inLanguage":"ca","@id":"https:\/\/www.loteriamontserrat.com\/ca\/la-nostra-administracio\/#primaryimage","url":"https:\/\/www.loteriamontserrat.com\/wp-content\/uploads\/2025\/07\/fondo-cabecera-loteria-monserrat-8-manset-1024x576.jpg","contentUrl":"https:\/\/www.loteriamontserrat.com\/wp-content\/uploads\/2025\/07\/fondo-cabecera-loteria-monserrat-8-manset-1024x576.jpg"},{"@type":"BreadcrumbList","@id":"https:\/\/www.loteriamontserrat.com\/ca\/la-nostra-administracio\/#breadcrumb","itemListElement":[{"@type":"ListItem","position":1,"name":"Home","item":"https:\/\/www.loteriamontserrat.com\/ca\/home-2\/"},{"@type":"ListItem","position":2,"name":"La nostra Administraci\u00f3"}]},{"@type":"WebSite","@id":"https:\/\/www.loteriamontserrat.com\/ca\/#website","url":"https:\/\/www.loteriamontserrat.com\/ca\/","name":"Loter\u00eda Monserrat","description":"Administraci\u00f3n N\u00ba8 Manresa","publisher":{"@id":"https:\/\/www.loteriamontserrat.com\/ca\/#organization"},"potentialAction":[{"@type":"SearchAction","target":{"@type":"EntryPoint","urlTemplate":"https:\/\/www.loteriamontserrat.com\/ca\/?s={search_term_string}"},"query-input":{"@type":"PropertyValueSpecification","valueRequired":true,"valueName":"search_term_string"}}],"inLanguage":"ca"},{"@type":"Organization","@id":"https:\/\/www.loteriamontserrat.com\/ca\/#organization","name":"Loter\u00eda Monserrat","url":"https:\/\/www.loteriamontserrat.com\/ca\/","logo":{"@type":"ImageObject","inLanguage":"ca","@id":"https:\/\/www.loteriamontserrat.com\/ca\/#\/schema\/logo\/image\/","url":"https:\/\/www.loteriamontserrat.com\/wp-content\/uploads\/2025\/07\/logo-loteria-monserrat-8-manset.png","contentUrl":"https:\/\/www.loteriamontserrat.com\/wp-content\/uploads\/2025\/07\/logo-loteria-monserrat-8-manset.png","width":513,"height":75,"caption":"Loter\u00eda Monserrat"},"image":{"@id":"https:\/\/www.loteriamontserrat.com\/ca\/#\/schema\/logo\/image\/"}}]}},"_links":{"self":[{"href":"https:\/\/www.loteriamontserrat.com\/ca\/wp-json\/wp\/v2\/pages\/32943","targetHints":{"allow":["GET"]}}],"collection":[{"href":"https:\/\/www.loteriamontserrat.com\/ca\/wp-json\/wp\/v2\/pages"}],"about":[{"href":"https:\/\/www.loteriamontserrat.com\/ca\/wp-json\/wp\/v2\/types\/page"}],"author":[{"embeddable":true,"href":"https:\/\/www.loteriamontserrat.com\/ca\/wp-json\/wp\/v2\/users\/12"}],"replies":[{"embeddable":true,"href":"https:\/\/www.loteriamontserrat.com\/ca\/wp-json\/wp\/v2\/comments?post=32943"}],"version-history":[{"count":5,"href":"https:\/\/www.loteriamontserrat.com\/ca\/wp-json\/wp\/v2\/pages\/32943\/revisions"}],"predecessor-version":[{"id":32955,"href":"https:\/\/www.loteriamontserrat.com\/ca\/wp-json\/wp\/v2\/pages\/32943\/revisions\/32955"}],"wp:attachment":[{"href":"https:\/\/www.loteriamontserrat.com\/ca\/wp-json\/wp\/v2\/media?parent=32943"}],"curies":[{"name":"wp","href":"https:\/\/api.w.org\/{rel}","templated":true}]}}